{"id":832435,"date":"2026-01-20T04:04:33","date_gmt":"2026-01-20T02:04:33","guid":{"rendered":"https:\/\/www.eurovanne.fi\/vanteet\/verkkokauppa\/sailun-commercio-4seasons-215-65-15-t\/"},"modified":"2026-04-01T19:26:47","modified_gmt":"2026-04-01T16:26:47","slug":"sailun-commercio-4seasons-215-65-15-t","status":"publish","type":"product","link":"https:\/\/www.eurovanne.fi\/vanteet\/verkkokauppa\/sailun-commercio-4seasons-215-65-15-t\/","title":{"rendered":"Sailun Commercio 4seasons 215\/65-15 T"},"content":{"rendered":"<p>Merkki: Sailun<br \/>\nMalli: Commercio 4seasons<br \/>\nKoko: 215\/65-15 = 215\/65R15<br \/>\nNopeusluokka: T<br \/>\nLoad Index (LI): 104\/102<br \/>\nTyyppi: Pakettiauto<br \/>\nAastaringnerengas<br \/>\nNasta: Ei<\/p>\n<p>TOIMITUSAIKA: 5-7 P\u00c4IV\u00c4\u00c4<\/p>\n<p>3PMSF-merkint&auml;: Kyll&auml;<\/p>\n<div class=\"eurengas-container\"><\/div>\n","protected":false},"excerpt":{"rendered":"<p>Merkki: Sailun Malli: Commercio 4seasons Koko: 215\/65-15 = 215\/65R15 Nopeusluokka: T Load Index (LI): 104\/102 Tyyppi: Pakettiauto Aastaringnerengas Nasta: Ei TOIMITUSAIKA: 5-7 P\u00c4IV\u00c4\u00c4 3PMSF-merkint&auml;: Kyll&auml;<\/p>\n","protected":false},"featured_media":372796,"comment_status":"closed","ping_status":"closed","template":"","meta":[],"product_brand":[],"product_cat":[8626,5210,1147,1043],"product_tag":[],"class_list":{"0":"post-832435","1":"product","2":"type-product","3":"status-publish","4":"has-post-thumbnail","6":"product_cat-215-65-15-aastaringne-pakettiauto","7":"product_cat-aastaringne-pakettiauto","8":"product_cat-pakettiauto","9":"product_cat-renkaat","11":"first","12":"instock","13":"sale","14":"taxable","15":"shipping-taxable","16":"purchasable","17":"product-type-simple"},"aioseo_notices":[],"_links":{"self":[{"href":"https:\/\/www.eurovanne.fi\/vanteet\/wp-json\/wp\/v2\/product\/832435","targetHints":{"allow":["GET"]}}],"collection":[{"href":"https:\/\/www.eurovanne.fi\/vanteet\/wp-json\/wp\/v2\/product"}],"about":[{"href":"https:\/\/www.eurovanne.fi\/vanteet\/wp-json\/wp\/v2\/types\/product"}],"replies":[{"embeddable":true,"href":"https:\/\/www.eurovanne.fi\/vanteet\/wp-json\/wp\/v2\/comments?post=832435"}],"wp:featuredmedia":[{"embeddable":true,"href":"https:\/\/www.eurovanne.fi\/vanteet\/wp-json\/wp\/v2\/media\/372796"}],"wp:attachment":[{"href":"https:\/\/www.eurovanne.fi\/vanteet\/wp-json\/wp\/v2\/media?parent=832435"}],"wp:term":[{"taxonomy":"product_brand","embeddable":true,"href":"https:\/\/www.eurovanne.fi\/vanteet\/wp-json\/wp\/v2\/product_brand?post=832435"},{"taxonomy":"product_cat","embeddable":true,"href":"https:\/\/www.eurovanne.fi\/vanteet\/wp-json\/wp\/v2\/product_cat?post=832435"},{"taxonomy":"product_tag","embeddable":true,"href":"https:\/\/www.eurovanne.fi\/vanteet\/wp-json\/wp\/v2\/product_tag?post=832435"}],"curies":[{"name":"wp","href":"https:\/\/api.w.org\/{rel}","templated":true}]}}