{"id":832633,"date":"2026-01-22T04:03:05","date_gmt":"2026-01-22T02:03:05","guid":{"rendered":"https:\/\/www.eurovanne.fi\/vanteet\/verkkokauppa\/maxxis-ss-01-presa-suv-ice-215-65-16-q\/"},"modified":"2026-04-01T19:10:37","modified_gmt":"2026-04-01T16:10:37","slug":"maxxis-ss-01-presa-suv-ice-215-65-16-q","status":"publish","type":"product","link":"https:\/\/www.eurovanne.fi\/vanteet\/verkkokauppa\/maxxis-ss-01-presa-suv-ice-215-65-16-q\/","title":{"rendered":"Maxxis Ss-01 Presa Suv Ice 215\/65-16 Q"},"content":{"rendered":"<p>Merkki: Maxxis<br \/>\nMalli: Ss-01 Presa Suv Ice<br \/>\nKoko: 215\/65-16 = 215\/65R16<br \/>\nNopeusluokka: Q<br \/>\nLoad Index (LI): 98<br \/>\nTyyppi: 4&#215;4<br \/>\nTalvirengas<br \/>\nNasta: Ei<\/p>\n<p>TOIMITUSAIKA: 5-7 P\u00c4IV\u00c4\u00c4<\/p>\n<p>3PMSF-merkint&auml;: Kyll&auml;<\/p>\n<div class=\"eurengas-container\"><\/div>\n","protected":false},"excerpt":{"rendered":"<p>Merkki: Maxxis Malli: Ss-01 Presa Suv Ice Koko: 215\/65-16 = 215\/65R16 Nopeusluokka: Q Load Index (LI): 98 Tyyppi: 4&#215;4 Talvirengas Nasta: Ei TOIMITUSAIKA: 5-7 P\u00c4IV\u00c4\u00c4 3PMSF-merkint&auml;: Kyll&auml;<\/p>\n","protected":false},"featured_media":459340,"comment_status":"closed","ping_status":"closed","template":"","meta":[],"product_brand":[],"product_cat":[7156,1071,1043,1072],"product_tag":[],"class_list":{"0":"post-832633","1":"product","2":"type-product","3":"status-publish","4":"has-post-thumbnail","6":"product_cat-215-65-16-talvi-4x4","7":"product_cat-4x4","8":"product_cat-renkaat","9":"product_cat-talvi-4x4","11":"first","12":"instock","13":"sale","14":"taxable","15":"shipping-taxable","16":"purchasable","17":"product-type-simple"},"aioseo_notices":[],"_links":{"self":[{"href":"https:\/\/www.eurovanne.fi\/vanteet\/wp-json\/wp\/v2\/product\/832633","targetHints":{"allow":["GET"]}}],"collection":[{"href":"https:\/\/www.eurovanne.fi\/vanteet\/wp-json\/wp\/v2\/product"}],"about":[{"href":"https:\/\/www.eurovanne.fi\/vanteet\/wp-json\/wp\/v2\/types\/product"}],"replies":[{"embeddable":true,"href":"https:\/\/www.eurovanne.fi\/vanteet\/wp-json\/wp\/v2\/comments?post=832633"}],"wp:featuredmedia":[{"embeddable":true,"href":"https:\/\/www.eurovanne.fi\/vanteet\/wp-json\/wp\/v2\/media\/459340"}],"wp:attachment":[{"href":"https:\/\/www.eurovanne.fi\/vanteet\/wp-json\/wp\/v2\/media?parent=832633"}],"wp:term":[{"taxonomy":"product_brand","embeddable":true,"href":"https:\/\/www.eurovanne.fi\/vanteet\/wp-json\/wp\/v2\/product_brand?post=832633"},{"taxonomy":"product_cat","embeddable":true,"href":"https:\/\/www.eurovanne.fi\/vanteet\/wp-json\/wp\/v2\/product_cat?post=832633"},{"taxonomy":"product_tag","embeddable":true,"href":"https:\/\/www.eurovanne.fi\/vanteet\/wp-json\/wp\/v2\/product_tag?post=832633"}],"curies":[{"name":"wp","href":"https:\/\/api.w.org\/{rel}","templated":true}]}}