{"id":833096,"date":"2026-01-30T04:02:26","date_gmt":"2026-01-30T02:02:26","guid":{"rendered":"https:\/\/www.eurovanne.fi\/vanteet\/verkkokauppa\/sailun-terramax-cvr-235-50-19-w\/"},"modified":"2026-04-01T16:42:14","modified_gmt":"2026-04-01T13:42:14","slug":"sailun-terramax-cvr-235-50-19-w","status":"publish","type":"product","link":"https:\/\/www.eurovanne.fi\/vanteet\/verkkokauppa\/sailun-terramax-cvr-235-50-19-w\/","title":{"rendered":"SAILUN Terramax Cvr 235\/50-19 W"},"content":{"rendered":"<p>Merkki: SAILUN<br \/>\nMalli: Terramax Cvr<br \/>\nKoko: 235\/50-19 = 235\/50R19<br \/>\nNopeusluokka: W<br \/>\nLoad Index (LI): 99<br \/>\nTyyppi: 4&#215;4<br \/>\nKes\u00e4rengas<br \/>\nNasta: Ei<\/p>\n<p>TOIMITUSAIKA: 5-7 P\u00c4IV\u00c4\u00c4<\/p>\n<div class=\"eurengas-container\"><img decoding=\"async\" src=\"https:\/\/eprel.ec.europa.eu\/labels\/tyres\/Label_441504.svg\" alt=\"EU-rengasmerkinn&auml;t\" class=\"eurengas-base\" \/><\/div>\n","protected":false},"excerpt":{"rendered":"<p>Merkki: SAILUN Malli: Terramax Cvr Koko: 235\/50-19 = 235\/50R19 Nopeusluokka: W Load Index (LI): 99 Tyyppi: 4&#215;4 Kes\u00e4rengas Nasta: Ei TOIMITUSAIKA: 5-7 P\u00c4IV\u00c4\u00c4<\/p>\n","protected":false},"featured_media":285205,"comment_status":"closed","ping_status":"closed","template":"","meta":[],"product_brand":[],"product_cat":[7142,1071,1151,1043],"product_tag":[],"class_list":{"0":"post-833096","1":"product","2":"type-product","3":"status-publish","4":"has-post-thumbnail","6":"product_cat-235-50-19","7":"product_cat-4x4","8":"product_cat-kesa-4x4","9":"product_cat-renkaat","11":"first","12":"instock","13":"sale","14":"taxable","15":"shipping-taxable","16":"purchasable","17":"product-type-simple"},"aioseo_notices":[],"_links":{"self":[{"href":"https:\/\/www.eurovanne.fi\/vanteet\/wp-json\/wp\/v2\/product\/833096","targetHints":{"allow":["GET"]}}],"collection":[{"href":"https:\/\/www.eurovanne.fi\/vanteet\/wp-json\/wp\/v2\/product"}],"about":[{"href":"https:\/\/www.eurovanne.fi\/vanteet\/wp-json\/wp\/v2\/types\/product"}],"replies":[{"embeddable":true,"href":"https:\/\/www.eurovanne.fi\/vanteet\/wp-json\/wp\/v2\/comments?post=833096"}],"wp:featuredmedia":[{"embeddable":true,"href":"https:\/\/www.eurovanne.fi\/vanteet\/wp-json\/wp\/v2\/media\/285205"}],"wp:attachment":[{"href":"https:\/\/www.eurovanne.fi\/vanteet\/wp-json\/wp\/v2\/media?parent=833096"}],"wp:term":[{"taxonomy":"product_brand","embeddable":true,"href":"https:\/\/www.eurovanne.fi\/vanteet\/wp-json\/wp\/v2\/product_brand?post=833096"},{"taxonomy":"product_cat","embeddable":true,"href":"https:\/\/www.eurovanne.fi\/vanteet\/wp-json\/wp\/v2\/product_cat?post=833096"},{"taxonomy":"product_tag","embeddable":true,"href":"https:\/\/www.eurovanne.fi\/vanteet\/wp-json\/wp\/v2\/product_tag?post=833096"}],"curies":[{"name":"wp","href":"https:\/\/api.w.org\/{rel}","templated":true}]}}