{"id":835258,"date":"2026-02-11T04:05:42","date_gmt":"2026-02-11T02:05:42","guid":{"rendered":"https:\/\/www.eurovanne.fi\/vanteet\/verkkokauppa\/trazano-zupereco-z-107-165-70-14-t\/"},"modified":"2026-04-01T20:47:29","modified_gmt":"2026-04-01T17:47:29","slug":"trazano-zupereco-z-107-165-70-14-t","status":"publish","type":"product","link":"https:\/\/www.eurovanne.fi\/vanteet\/verkkokauppa\/trazano-zupereco-z-107-165-70-14-t\/","title":{"rendered":"Trazano ZuperEco Z-107 165\/70-14 T"},"content":{"rendered":"<p>Merkki: Trazano<br \/>\nMalli: ZuperEco Z-107<br \/>\nKoko: 165\/70-14 = 165\/70R14<br \/>\nNopeusluokka: T<br \/>\nLoad Index (LI): 81<br \/>\nTyyppi: Henkil\u00f6auto<br \/>\nKes\u00e4rengas<br \/>\nNasta: Ei<\/p>\n<p>TOIMITUSAIKA: 5-7 P\u00c4IV\u00c4\u00c4<\/p>\n<div class=\"eurengas-container\"><\/div>\n","protected":false},"excerpt":{"rendered":"<p>Merkki: Trazano Malli: ZuperEco Z-107 Koko: 165\/70-14 = 165\/70R14 Nopeusluokka: T Load Index (LI): 81 Tyyppi: Henkil\u00f6auto Kes\u00e4rengas Nasta: Ei TOIMITUSAIKA: 5-7 P\u00c4IV\u00c4\u00c4<\/p>\n","protected":false},"featured_media":483925,"comment_status":"closed","ping_status":"closed","template":"","meta":[],"product_brand":[],"product_cat":[1116,1051,1074,1043],"product_tag":[],"class_list":{"0":"post-835258","1":"product","2":"type-product","3":"status-publish","4":"has-post-thumbnail","6":"product_cat-16570-14","7":"product_cat-henkiloauto","8":"product_cat-kesa-henkiloauto","9":"product_cat-renkaat","11":"first","12":"instock","13":"sale","14":"taxable","15":"shipping-taxable","16":"purchasable","17":"product-type-simple"},"aioseo_notices":[],"_links":{"self":[{"href":"https:\/\/www.eurovanne.fi\/vanteet\/wp-json\/wp\/v2\/product\/835258","targetHints":{"allow":["GET"]}}],"collection":[{"href":"https:\/\/www.eurovanne.fi\/vanteet\/wp-json\/wp\/v2\/product"}],"about":[{"href":"https:\/\/www.eurovanne.fi\/vanteet\/wp-json\/wp\/v2\/types\/product"}],"replies":[{"embeddable":true,"href":"https:\/\/www.eurovanne.fi\/vanteet\/wp-json\/wp\/v2\/comments?post=835258"}],"wp:featuredmedia":[{"embeddable":true,"href":"https:\/\/www.eurovanne.fi\/vanteet\/wp-json\/wp\/v2\/media\/483925"}],"wp:attachment":[{"href":"https:\/\/www.eurovanne.fi\/vanteet\/wp-json\/wp\/v2\/media?parent=835258"}],"wp:term":[{"taxonomy":"product_brand","embeddable":true,"href":"https:\/\/www.eurovanne.fi\/vanteet\/wp-json\/wp\/v2\/product_brand?post=835258"},{"taxonomy":"product_cat","embeddable":true,"href":"https:\/\/www.eurovanne.fi\/vanteet\/wp-json\/wp\/v2\/product_cat?post=835258"},{"taxonomy":"product_tag","embeddable":true,"href":"https:\/\/www.eurovanne.fi\/vanteet\/wp-json\/wp\/v2\/product_tag?post=835258"}],"curies":[{"name":"wp","href":"https:\/\/api.w.org\/{rel}","templated":true}]}}