{"id":835503,"date":"2026-02-12T04:10:26","date_gmt":"2026-02-12T02:10:26","guid":{"rendered":"https:\/\/www.eurovanne.fi\/vanteet\/verkkokauppa\/michelin-latitude-sport-3-275-40-20-y\/"},"modified":"2026-04-14T04:04:30","modified_gmt":"2026-04-14T01:04:30","slug":"michelin-latitude-sport-3-275-40-20-y","status":"publish","type":"product","link":"https:\/\/www.eurovanne.fi\/vanteet\/verkkokauppa\/michelin-latitude-sport-3-275-40-20-y\/","title":{"rendered":"Michelin LATITUDE SPORT 3 275\/40-20 Y"},"content":{"rendered":"<p>Merkki: Michelin<br \/>\nMalli: LATITUDE SPORT 3<br \/>\nKoko: 275\/40-20 = 275\/40R20<br \/>\nNopeusluokka: Y<br \/>\nLoad Index (LI): 106 XL<br \/>\nTyyppi: Henkil\u00f6auto<br \/>\nKes\u00e4rengas<br \/>\nNasta: Ei<\/p>\n<p>TOIMITUSAIKA: 5-7 P\u00c4IV\u00c4\u00c4<\/p>\n<div class=\"eurengas-container\"><\/div>\n","protected":false},"excerpt":{"rendered":"<p>Merkki: Michelin Malli: LATITUDE SPORT 3 Koko: 275\/40-20 = 275\/40R20 Nopeusluokka: Y Load Index (LI): 106 XL Tyyppi: Henkil\u00f6auto Kes\u00e4rengas Nasta: Ei TOIMITUSAIKA: 5-7 P\u00c4IV\u00c4\u00c4<\/p>\n","protected":false},"featured_media":283828,"comment_status":"closed","ping_status":"closed","template":"","meta":[],"product_brand":[],"product_cat":[1142,1051,1074,1043],"product_tag":[],"class_list":{"0":"post-835503","1":"product","2":"type-product","3":"status-publish","4":"has-post-thumbnail","6":"product_cat-27540-20","7":"product_cat-henkiloauto","8":"product_cat-kesa-henkiloauto","9":"product_cat-renkaat","11":"first","12":"instock","13":"sale","14":"taxable","15":"shipping-taxable","16":"purchasable","17":"product-type-simple"},"aioseo_notices":[],"_links":{"self":[{"href":"https:\/\/www.eurovanne.fi\/vanteet\/wp-json\/wp\/v2\/product\/835503","targetHints":{"allow":["GET"]}}],"collection":[{"href":"https:\/\/www.eurovanne.fi\/vanteet\/wp-json\/wp\/v2\/product"}],"about":[{"href":"https:\/\/www.eurovanne.fi\/vanteet\/wp-json\/wp\/v2\/types\/product"}],"replies":[{"embeddable":true,"href":"https:\/\/www.eurovanne.fi\/vanteet\/wp-json\/wp\/v2\/comments?post=835503"}],"wp:featuredmedia":[{"embeddable":true,"href":"https:\/\/www.eurovanne.fi\/vanteet\/wp-json\/wp\/v2\/media\/283828"}],"wp:attachment":[{"href":"https:\/\/www.eurovanne.fi\/vanteet\/wp-json\/wp\/v2\/media?parent=835503"}],"wp:term":[{"taxonomy":"product_brand","embeddable":true,"href":"https:\/\/www.eurovanne.fi\/vanteet\/wp-json\/wp\/v2\/product_brand?post=835503"},{"taxonomy":"product_cat","embeddable":true,"href":"https:\/\/www.eurovanne.fi\/vanteet\/wp-json\/wp\/v2\/product_cat?post=835503"},{"taxonomy":"product_tag","embeddable":true,"href":"https:\/\/www.eurovanne.fi\/vanteet\/wp-json\/wp\/v2\/product_tag?post=835503"}],"curies":[{"name":"wp","href":"https:\/\/api.w.org\/{rel}","templated":true}]}}