{"id":835916,"date":"2026-02-12T04:31:26","date_gmt":"2026-02-12T02:31:26","guid":{"rendered":"https:\/\/www.eurovanne.fi\/vanteet\/verkkokauppa\/rotalla-enjoyland-rx9-235-55-19-v\/"},"modified":"2026-04-09T04:36:35","modified_gmt":"2026-04-09T01:36:35","slug":"rotalla-enjoyland-rx9-235-55-19-v","status":"publish","type":"product","link":"https:\/\/www.eurovanne.fi\/vanteet\/verkkokauppa\/rotalla-enjoyland-rx9-235-55-19-v\/","title":{"rendered":"Rotalla ENJOYLAND RX9 235\/55-19 V"},"content":{"rendered":"<p>Merkki: Rotalla<br \/>\nMalli: ENJOYLAND RX9<br \/>\nKoko: 235\/55-19 = 235\/55R19<br \/>\nNopeusluokka: V<br \/>\nLoad Index (LI): 105 XL<br \/>\nTyyppi: 4&#215;4<br \/>\nKes\u00e4rengas<br \/>\nNasta: Ei<\/p>\n<p>TOIMITUSAIKA: 5-7 P\u00c4IV\u00c4\u00c4<\/p>\n<div class=\"eurengas-container\"><\/div>\n","protected":false},"excerpt":{"rendered":"<p>Merkki: Rotalla Malli: ENJOYLAND RX9 Koko: 235\/55-19 = 235\/55R19 Nopeusluokka: V Load Index (LI): 105 XL Tyyppi: 4&#215;4 Kes\u00e4rengas Nasta: Ei TOIMITUSAIKA: 5-7 P\u00c4IV\u00c4\u00c4<\/p>\n","protected":false},"featured_media":844792,"comment_status":"closed","ping_status":"closed","template":"","meta":[],"product_brand":[],"product_cat":[7080,1071,1151,1043],"product_tag":[],"class_list":{"0":"post-835916","1":"product","2":"type-product","3":"status-publish","4":"has-post-thumbnail","6":"product_cat-235-55-19","7":"product_cat-4x4","8":"product_cat-kesa-4x4","9":"product_cat-renkaat","11":"first","12":"instock","13":"sale","14":"taxable","15":"shipping-taxable","16":"purchasable","17":"product-type-simple"},"aioseo_notices":[],"_links":{"self":[{"href":"https:\/\/www.eurovanne.fi\/vanteet\/wp-json\/wp\/v2\/product\/835916","targetHints":{"allow":["GET"]}}],"collection":[{"href":"https:\/\/www.eurovanne.fi\/vanteet\/wp-json\/wp\/v2\/product"}],"about":[{"href":"https:\/\/www.eurovanne.fi\/vanteet\/wp-json\/wp\/v2\/types\/product"}],"replies":[{"embeddable":true,"href":"https:\/\/www.eurovanne.fi\/vanteet\/wp-json\/wp\/v2\/comments?post=835916"}],"wp:featuredmedia":[{"embeddable":true,"href":"https:\/\/www.eurovanne.fi\/vanteet\/wp-json\/wp\/v2\/media\/844792"}],"wp:attachment":[{"href":"https:\/\/www.eurovanne.fi\/vanteet\/wp-json\/wp\/v2\/media?parent=835916"}],"wp:term":[{"taxonomy":"product_brand","embeddable":true,"href":"https:\/\/www.eurovanne.fi\/vanteet\/wp-json\/wp\/v2\/product_brand?post=835916"},{"taxonomy":"product_cat","embeddable":true,"href":"https:\/\/www.eurovanne.fi\/vanteet\/wp-json\/wp\/v2\/product_cat?post=835916"},{"taxonomy":"product_tag","embeddable":true,"href":"https:\/\/www.eurovanne.fi\/vanteet\/wp-json\/wp\/v2\/product_tag?post=835916"}],"curies":[{"name":"wp","href":"https:\/\/api.w.org\/{rel}","templated":true}]}}