{"id":837670,"date":"2026-02-26T04:06:53","date_gmt":"2026-02-26T02:06:53","guid":{"rendered":"https:\/\/www.eurovanne.fi\/vanteet\/verkkokauppa\/toyo-proxes-comfort-185-55-16-v\/"},"modified":"2026-04-22T04:05:16","modified_gmt":"2026-04-22T01:05:16","slug":"toyo-proxes-comfort-185-55-16-v","status":"publish","type":"product","link":"https:\/\/www.eurovanne.fi\/vanteet\/verkkokauppa\/toyo-proxes-comfort-185-55-16-v\/","title":{"rendered":"Toyo Proxes Comfort 185\/55-16 V"},"content":{"rendered":"<p>Merkki: Toyo<br \/>\nMalli: Proxes Comfort<br \/>\nKoko: 185\/55-16 = 185\/55R16<br \/>\nNopeusluokka: V<br \/>\nLoad Index (LI): 87 XL<br \/>\nTyyppi: Henkil\u00f6auto<br \/>\nKes\u00e4rengas<br \/>\nNasta: Ei<\/p>\n<p>TOIMITUSAIKA: 5-7 P\u00c4IV\u00c4\u00c4<\/p>\n<div class=\"eurengas-container\"><\/div>\n","protected":false},"excerpt":{"rendered":"<p>Merkki: Toyo Malli: Proxes Comfort Koko: 185\/55-16 = 185\/55R16 Nopeusluokka: V Load Index (LI): 87 XL Tyyppi: Henkil\u00f6auto Kes\u00e4rengas Nasta: Ei TOIMITUSAIKA: 5-7 P\u00c4IV\u00c4\u00c4<\/p>\n","protected":false},"featured_media":357846,"comment_status":"closed","ping_status":"closed","template":"","meta":[],"product_brand":[],"product_cat":[1241,1051,1074,1043],"product_tag":[],"class_list":{"0":"post-837670","1":"product","2":"type-product","3":"status-publish","4":"has-post-thumbnail","6":"product_cat-18555-16","7":"product_cat-henkiloauto","8":"product_cat-kesa-henkiloauto","9":"product_cat-renkaat","11":"first","12":"instock","13":"sale","14":"taxable","15":"shipping-taxable","16":"purchasable","17":"product-type-simple"},"aioseo_notices":[],"_links":{"self":[{"href":"https:\/\/www.eurovanne.fi\/vanteet\/wp-json\/wp\/v2\/product\/837670","targetHints":{"allow":["GET"]}}],"collection":[{"href":"https:\/\/www.eurovanne.fi\/vanteet\/wp-json\/wp\/v2\/product"}],"about":[{"href":"https:\/\/www.eurovanne.fi\/vanteet\/wp-json\/wp\/v2\/types\/product"}],"replies":[{"embeddable":true,"href":"https:\/\/www.eurovanne.fi\/vanteet\/wp-json\/wp\/v2\/comments?post=837670"}],"wp:featuredmedia":[{"embeddable":true,"href":"https:\/\/www.eurovanne.fi\/vanteet\/wp-json\/wp\/v2\/media\/357846"}],"wp:attachment":[{"href":"https:\/\/www.eurovanne.fi\/vanteet\/wp-json\/wp\/v2\/media?parent=837670"}],"wp:term":[{"taxonomy":"product_brand","embeddable":true,"href":"https:\/\/www.eurovanne.fi\/vanteet\/wp-json\/wp\/v2\/product_brand?post=837670"},{"taxonomy":"product_cat","embeddable":true,"href":"https:\/\/www.eurovanne.fi\/vanteet\/wp-json\/wp\/v2\/product_cat?post=837670"},{"taxonomy":"product_tag","embeddable":true,"href":"https:\/\/www.eurovanne.fi\/vanteet\/wp-json\/wp\/v2\/product_tag?post=837670"}],"curies":[{"name":"wp","href":"https:\/\/api.w.org\/{rel}","templated":true}]}}