{"id":838494,"date":"2026-03-03T04:06:51","date_gmt":"2026-03-03T02:06:51","guid":{"rendered":"https:\/\/www.eurovanne.fi\/vanteet\/verkkokauppa\/gt-radial-sportactive2-255-45-18-w\/"},"modified":"2026-04-23T04:03:53","modified_gmt":"2026-04-23T01:03:53","slug":"gt-radial-sportactive2-255-45-18-w","status":"publish","type":"product","link":"https:\/\/www.eurovanne.fi\/vanteet\/verkkokauppa\/gt-radial-sportactive2-255-45-18-w\/","title":{"rendered":"GT Radial Sportactive2 255\/45-18 W"},"content":{"rendered":"<p>Merkki: GT Radial<br \/>\nMalli: Sportactive2<br \/>\nKoko: 255\/45-18 = 255\/45R18<br \/>\nNopeusluokka: W<br \/>\nLoad Index (LI): 103 XL<br \/>\nTyyppi: Henkil\u00f6auto<br \/>\nKes\u00e4rengas<br \/>\nNasta: Ei<\/p>\n<p>TOIMITUSAIKA: 5-7 P\u00c4IV\u00c4\u00c4<\/p>\n<div class=\"eurengas-container\"><\/div>\n","protected":false},"excerpt":{"rendered":"<p>Merkki: GT Radial Malli: Sportactive2 Koko: 255\/45-18 = 255\/45R18 Nopeusluokka: W Load Index (LI): 103 XL Tyyppi: Henkil\u00f6auto Kes\u00e4rengas Nasta: Ei TOIMITUSAIKA: 5-7 P\u00c4IV\u00c4\u00c4<\/p>\n","protected":false},"featured_media":424049,"comment_status":"closed","ping_status":"closed","template":"","meta":[],"product_brand":[],"product_cat":[1368,1051,1074,1043],"product_tag":[],"class_list":{"0":"post-838494","1":"product","2":"type-product","3":"status-publish","4":"has-post-thumbnail","6":"product_cat-25545-18","7":"product_cat-henkiloauto","8":"product_cat-kesa-henkiloauto","9":"product_cat-renkaat","11":"first","12":"instock","13":"sale","14":"taxable","15":"shipping-taxable","16":"purchasable","17":"product-type-simple"},"aioseo_notices":[],"_links":{"self":[{"href":"https:\/\/www.eurovanne.fi\/vanteet\/wp-json\/wp\/v2\/product\/838494","targetHints":{"allow":["GET"]}}],"collection":[{"href":"https:\/\/www.eurovanne.fi\/vanteet\/wp-json\/wp\/v2\/product"}],"about":[{"href":"https:\/\/www.eurovanne.fi\/vanteet\/wp-json\/wp\/v2\/types\/product"}],"replies":[{"embeddable":true,"href":"https:\/\/www.eurovanne.fi\/vanteet\/wp-json\/wp\/v2\/comments?post=838494"}],"wp:featuredmedia":[{"embeddable":true,"href":"https:\/\/www.eurovanne.fi\/vanteet\/wp-json\/wp\/v2\/media\/424049"}],"wp:attachment":[{"href":"https:\/\/www.eurovanne.fi\/vanteet\/wp-json\/wp\/v2\/media?parent=838494"}],"wp:term":[{"taxonomy":"product_brand","embeddable":true,"href":"https:\/\/www.eurovanne.fi\/vanteet\/wp-json\/wp\/v2\/product_brand?post=838494"},{"taxonomy":"product_cat","embeddable":true,"href":"https:\/\/www.eurovanne.fi\/vanteet\/wp-json\/wp\/v2\/product_cat?post=838494"},{"taxonomy":"product_tag","embeddable":true,"href":"https:\/\/www.eurovanne.fi\/vanteet\/wp-json\/wp\/v2\/product_tag?post=838494"}],"curies":[{"name":"wp","href":"https:\/\/api.w.org\/{rel}","templated":true}]}}