{"id":838583,"date":"2026-03-03T04:11:58","date_gmt":"2026-03-03T02:11:58","guid":{"rendered":"https:\/\/www.eurovanne.fi\/vanteet\/verkkokauppa\/gt-radial-sportactive2-evo-225-45-17-y\/"},"modified":"2026-04-01T20:54:05","modified_gmt":"2026-04-01T17:54:05","slug":"gt-radial-sportactive2-evo-225-45-17-y","status":"publish","type":"product","link":"https:\/\/www.eurovanne.fi\/vanteet\/verkkokauppa\/gt-radial-sportactive2-evo-225-45-17-y\/","title":{"rendered":"GT Radial SPORTACTIVE2 EVO 225\/45-17 Y"},"content":{"rendered":"<p>Merkki: GT Radial<br \/>\nMalli: SPORTACTIVE2 EVO<br \/>\nKoko: 225\/45-17 = 225\/45R17<br \/>\nNopeusluokka: Y<br \/>\nLoad Index (LI): 94 XL<br \/>\nTyyppi: Henkil\u00f6auto<br \/>\nKes\u00e4rengas<br \/>\nNasta: Ei<\/p>\n<p>TOIMITUSAIKA: 5-7 P\u00c4IV\u00c4\u00c4<\/p>\n<div class=\"eurengas-container\"><\/div>\n","protected":false},"excerpt":{"rendered":"<p>Merkki: GT Radial Malli: SPORTACTIVE2 EVO Koko: 225\/45-17 = 225\/45R17 Nopeusluokka: Y Load Index (LI): 94 XL Tyyppi: Henkil\u00f6auto Kes\u00e4rengas Nasta: Ei TOIMITUSAIKA: 5-7 P\u00c4IV\u00c4\u00c4<\/p>\n","protected":false},"featured_media":0,"comment_status":"closed","ping_status":"closed","template":"","meta":[],"product_brand":[],"product_cat":[1075,1051,1074,1043],"product_tag":[],"class_list":{"0":"post-838583","1":"product","2":"type-product","3":"status-publish","5":"product_cat-22545-17-kesa-henkiloauto","6":"product_cat-henkiloauto","7":"product_cat-kesa-henkiloauto","8":"product_cat-renkaat","10":"first","11":"instock","12":"sale","13":"taxable","14":"shipping-taxable","15":"purchasable","16":"product-type-simple"},"aioseo_notices":[],"_links":{"self":[{"href":"https:\/\/www.eurovanne.fi\/vanteet\/wp-json\/wp\/v2\/product\/838583","targetHints":{"allow":["GET"]}}],"collection":[{"href":"https:\/\/www.eurovanne.fi\/vanteet\/wp-json\/wp\/v2\/product"}],"about":[{"href":"https:\/\/www.eurovanne.fi\/vanteet\/wp-json\/wp\/v2\/types\/product"}],"replies":[{"embeddable":true,"href":"https:\/\/www.eurovanne.fi\/vanteet\/wp-json\/wp\/v2\/comments?post=838583"}],"wp:attachment":[{"href":"https:\/\/www.eurovanne.fi\/vanteet\/wp-json\/wp\/v2\/media?parent=838583"}],"wp:term":[{"taxonomy":"product_brand","embeddable":true,"href":"https:\/\/www.eurovanne.fi\/vanteet\/wp-json\/wp\/v2\/product_brand?post=838583"},{"taxonomy":"product_cat","embeddable":true,"href":"https:\/\/www.eurovanne.fi\/vanteet\/wp-json\/wp\/v2\/product_cat?post=838583"},{"taxonomy":"product_tag","embeddable":true,"href":"https:\/\/www.eurovanne.fi\/vanteet\/wp-json\/wp\/v2\/product_tag?post=838583"}],"curies":[{"name":"wp","href":"https:\/\/api.w.org\/{rel}","templated":true}]}}