{"id":839046,"date":"2026-03-06T04:07:20","date_gmt":"2026-03-06T02:07:20","guid":{"rendered":"https:\/\/www.eurovanne.fi\/vanteet\/verkkokauppa\/atlander-vanplus-c18-225-70-15c-r\/"},"modified":"2026-04-01T20:55:54","modified_gmt":"2026-04-01T17:55:54","slug":"atlander-vanplus-c18-225-70-15c-r","status":"publish","type":"product","link":"https:\/\/www.eurovanne.fi\/vanteet\/verkkokauppa\/atlander-vanplus-c18-225-70-15c-r\/","title":{"rendered":"Atlander VANPLUS C18 225\/70-15C R"},"content":{"rendered":"<p>Merkki: Atlander<br \/>\nMalli: VANPLUS C18<br \/>\nKoko: 225\/70-15C = 225\/70R15C<br \/>\nNopeusluokka: R<br \/>\nLoad Index (LI): 112\/110<br \/>\nTyyppi: Pakettiauto<br \/>\nKes\u00e4rengas<br \/>\nNasta: Ei<\/p>\n<p>TOIMITUSAIKA: 5-7 P\u00c4IV\u00c4\u00c4<\/p>\n<div class=\"eurengas-container\"><\/div>\n","protected":false},"excerpt":{"rendered":"<p>Merkki: Atlander Malli: VANPLUS C18 Koko: 225\/70-15C = 225\/70R15C Nopeusluokka: R Load Index (LI): 112\/110 Tyyppi: Pakettiauto Kes\u00e4rengas Nasta: Ei TOIMITUSAIKA: 5-7 P\u00c4IV\u00c4\u00c4<\/p>\n","protected":false},"featured_media":0,"comment_status":"closed","ping_status":"closed","template":"","meta":[],"product_brand":[],"product_cat":[1377,1148,1147,1043],"product_tag":[],"class_list":{"0":"post-839046","1":"product","2":"type-product","3":"status-publish","5":"product_cat-22570-15c","6":"product_cat-kesa-pakettiauto","7":"product_cat-pakettiauto","8":"product_cat-renkaat","10":"first","11":"instock","12":"sale","13":"taxable","14":"shipping-taxable","15":"purchasable","16":"product-type-simple"},"aioseo_notices":[],"_links":{"self":[{"href":"https:\/\/www.eurovanne.fi\/vanteet\/wp-json\/wp\/v2\/product\/839046","targetHints":{"allow":["GET"]}}],"collection":[{"href":"https:\/\/www.eurovanne.fi\/vanteet\/wp-json\/wp\/v2\/product"}],"about":[{"href":"https:\/\/www.eurovanne.fi\/vanteet\/wp-json\/wp\/v2\/types\/product"}],"replies":[{"embeddable":true,"href":"https:\/\/www.eurovanne.fi\/vanteet\/wp-json\/wp\/v2\/comments?post=839046"}],"wp:attachment":[{"href":"https:\/\/www.eurovanne.fi\/vanteet\/wp-json\/wp\/v2\/media?parent=839046"}],"wp:term":[{"taxonomy":"product_brand","embeddable":true,"href":"https:\/\/www.eurovanne.fi\/vanteet\/wp-json\/wp\/v2\/product_brand?post=839046"},{"taxonomy":"product_cat","embeddable":true,"href":"https:\/\/www.eurovanne.fi\/vanteet\/wp-json\/wp\/v2\/product_cat?post=839046"},{"taxonomy":"product_tag","embeddable":true,"href":"https:\/\/www.eurovanne.fi\/vanteet\/wp-json\/wp\/v2\/product_tag?post=839046"}],"curies":[{"name":"wp","href":"https:\/\/api.w.org\/{rel}","templated":true}]}}