{"id":839107,"date":"2026-03-07T04:02:03","date_gmt":"2026-03-07T02:02:03","guid":{"rendered":"https:\/\/www.eurovanne.fi\/vanteet\/verkkokauppa\/sailun-atrezzo-svr-lx-305-50-20-v\/"},"modified":"2026-04-01T16:18:04","modified_gmt":"2026-04-01T13:18:04","slug":"sailun-atrezzo-svr-lx-305-50-20-v","status":"publish","type":"product","link":"https:\/\/www.eurovanne.fi\/vanteet\/verkkokauppa\/sailun-atrezzo-svr-lx-305-50-20-v\/","title":{"rendered":"SAILUN Atrezzo Svr Lx 305\/50-20 V"},"content":{"rendered":"<p>Merkki: SAILUN<br \/>\nMalli: Atrezzo Svr Lx<br \/>\nKoko: 305\/50-20 = 305\/50R20<br \/>\nNopeusluokka: V<br \/>\nLoad Index (LI): 120<br \/>\nTyyppi: 4&#215;4<br \/>\nKes\u00e4rengas<br \/>\nNasta: Ei<\/p>\n<p>TOIMITUSAIKA: 5-7 P\u00c4IV\u00c4\u00c4<\/p>\n<div class=\"eurengas-container\"><img decoding=\"async\" src=\"https:\/\/eprel.ec.europa.eu\/labels\/tyres\/Label_444252.svg\" alt=\"EU-rengasmerkinn&auml;t\" class=\"eurengas-base\" \/><\/div>\n","protected":false},"excerpt":{"rendered":"<p>Merkki: SAILUN Malli: Atrezzo Svr Lx Koko: 305\/50-20 = 305\/50R20 Nopeusluokka: V Load Index (LI): 120 Tyyppi: 4&#215;4 Kes\u00e4rengas Nasta: Ei TOIMITUSAIKA: 5-7 P\u00c4IV\u00c4\u00c4<\/p>\n","protected":false},"featured_media":284882,"comment_status":"closed","ping_status":"closed","template":"","meta":[],"product_brand":[],"product_cat":[9053,1071,1151,1043],"product_tag":[],"class_list":{"0":"post-839107","1":"product","2":"type-product","3":"status-publish","4":"has-post-thumbnail","6":"product_cat-305-50-20","7":"product_cat-4x4","8":"product_cat-kesa-4x4","9":"product_cat-renkaat","11":"first","12":"instock","13":"sale","14":"taxable","15":"shipping-taxable","16":"purchasable","17":"product-type-simple"},"aioseo_notices":[],"_links":{"self":[{"href":"https:\/\/www.eurovanne.fi\/vanteet\/wp-json\/wp\/v2\/product\/839107","targetHints":{"allow":["GET"]}}],"collection":[{"href":"https:\/\/www.eurovanne.fi\/vanteet\/wp-json\/wp\/v2\/product"}],"about":[{"href":"https:\/\/www.eurovanne.fi\/vanteet\/wp-json\/wp\/v2\/types\/product"}],"replies":[{"embeddable":true,"href":"https:\/\/www.eurovanne.fi\/vanteet\/wp-json\/wp\/v2\/comments?post=839107"}],"wp:featuredmedia":[{"embeddable":true,"href":"https:\/\/www.eurovanne.fi\/vanteet\/wp-json\/wp\/v2\/media\/284882"}],"wp:attachment":[{"href":"https:\/\/www.eurovanne.fi\/vanteet\/wp-json\/wp\/v2\/media?parent=839107"}],"wp:term":[{"taxonomy":"product_brand","embeddable":true,"href":"https:\/\/www.eurovanne.fi\/vanteet\/wp-json\/wp\/v2\/product_brand?post=839107"},{"taxonomy":"product_cat","embeddable":true,"href":"https:\/\/www.eurovanne.fi\/vanteet\/wp-json\/wp\/v2\/product_cat?post=839107"},{"taxonomy":"product_tag","embeddable":true,"href":"https:\/\/www.eurovanne.fi\/vanteet\/wp-json\/wp\/v2\/product_tag?post=839107"}],"curies":[{"name":"wp","href":"https:\/\/api.w.org\/{rel}","templated":true}]}}