{"id":839162,"date":"2026-03-07T04:06:25","date_gmt":"2026-03-07T02:06:25","guid":{"rendered":"https:\/\/www.eurovanne.fi\/vanteet\/verkkokauppa\/atlander-roverstar-h-t-235-60-18-v\/"},"modified":"2026-04-01T20:56:07","modified_gmt":"2026-04-01T17:56:07","slug":"atlander-roverstar-h-t-235-60-18-v","status":"publish","type":"product","link":"https:\/\/www.eurovanne.fi\/vanteet\/verkkokauppa\/atlander-roverstar-h-t-235-60-18-v\/","title":{"rendered":"Atlander ROVERSTAR H\/T 235\/60-18 V"},"content":{"rendered":"<p>Merkki: Atlander<br \/>\nMalli: ROVERSTAR H\/T<br \/>\nKoko: 235\/60-18 = 235\/60R18<br \/>\nNopeusluokka: V<br \/>\nLoad Index (LI): 107 XL<br \/>\nTyyppi: 4&#215;4<br \/>\nKes\u00e4rengas<br \/>\nNasta: Ei<\/p>\n<p>TOIMITUSAIKA: 5-7 P\u00c4IV\u00c4\u00c4<\/p>\n<div class=\"eurengas-container\"><\/div>\n","protected":false},"excerpt":{"rendered":"<p>Merkki: Atlander Malli: ROVERSTAR H\/T Koko: 235\/60-18 = 235\/60R18 Nopeusluokka: V Load Index (LI): 107 XL Tyyppi: 4&#215;4 Kes\u00e4rengas Nasta: Ei TOIMITUSAIKA: 5-7 P\u00c4IV\u00c4\u00c4<\/p>\n","protected":false},"featured_media":844007,"comment_status":"closed","ping_status":"closed","template":"","meta":[],"product_brand":[],"product_cat":[7031,1071,1151,1043],"product_tag":[],"class_list":{"0":"post-839162","1":"product","2":"type-product","3":"status-publish","4":"has-post-thumbnail","6":"product_cat-235-60-18","7":"product_cat-4x4","8":"product_cat-kesa-4x4","9":"product_cat-renkaat","11":"first","12":"instock","13":"sale","14":"taxable","15":"shipping-taxable","16":"purchasable","17":"product-type-simple"},"aioseo_notices":[],"_links":{"self":[{"href":"https:\/\/www.eurovanne.fi\/vanteet\/wp-json\/wp\/v2\/product\/839162","targetHints":{"allow":["GET"]}}],"collection":[{"href":"https:\/\/www.eurovanne.fi\/vanteet\/wp-json\/wp\/v2\/product"}],"about":[{"href":"https:\/\/www.eurovanne.fi\/vanteet\/wp-json\/wp\/v2\/types\/product"}],"replies":[{"embeddable":true,"href":"https:\/\/www.eurovanne.fi\/vanteet\/wp-json\/wp\/v2\/comments?post=839162"}],"wp:featuredmedia":[{"embeddable":true,"href":"https:\/\/www.eurovanne.fi\/vanteet\/wp-json\/wp\/v2\/media\/844007"}],"wp:attachment":[{"href":"https:\/\/www.eurovanne.fi\/vanteet\/wp-json\/wp\/v2\/media?parent=839162"}],"wp:term":[{"taxonomy":"product_brand","embeddable":true,"href":"https:\/\/www.eurovanne.fi\/vanteet\/wp-json\/wp\/v2\/product_brand?post=839162"},{"taxonomy":"product_cat","embeddable":true,"href":"https:\/\/www.eurovanne.fi\/vanteet\/wp-json\/wp\/v2\/product_cat?post=839162"},{"taxonomy":"product_tag","embeddable":true,"href":"https:\/\/www.eurovanne.fi\/vanteet\/wp-json\/wp\/v2\/product_tag?post=839162"}],"curies":[{"name":"wp","href":"https:\/\/api.w.org\/{rel}","templated":true}]}}