{"id":842535,"date":"2026-03-12T04:03:16","date_gmt":"2026-03-12T02:03:16","guid":{"rendered":"https:\/\/www.eurovanne.fi\/vanteet\/verkkokauppa\/continental-vancontact-viking-225-55-17-r\/"},"modified":"2026-04-13T04:05:32","modified_gmt":"2026-04-13T01:05:32","slug":"continental-vancontact-viking-225-55-17-r","status":"publish","type":"product","link":"https:\/\/www.eurovanne.fi\/vanteet\/verkkokauppa\/continental-vancontact-viking-225-55-17-r\/","title":{"rendered":"Continental VanContact Viking 225\/55-17 R"},"content":{"rendered":"<p>Merkki: Continental<br \/>\nMalli: VanContact Viking<br \/>\nKoko: 225\/55-17 = 225\/55R17<br \/>\nNopeusluokka: R<br \/>\nLoad Index (LI): 109\/107<br \/>\nTyyppi: Pakettiauto<br \/>\nTalvirengas<br \/>\nNasta: Ei<\/p>\n<p>TOIMITUSAIKA: 5-7 P\u00c4IV\u00c4\u00c4<\/p>\n<p>3PMSF-merkint&auml;: Kyll&auml;<br \/>J&auml;&auml;pitomerkint&auml;: Kyll&auml;<\/p>\n<div class=\"eurengas-container\"><\/div>\n","protected":false},"excerpt":{"rendered":"<p>Merkki: Continental Malli: VanContact Viking Koko: 225\/55-17 = 225\/55R17 Nopeusluokka: R Load Index (LI): 109\/107 Tyyppi: Pakettiauto Talvirengas Nasta: Ei TOIMITUSAIKA: 5-7 P\u00c4IV\u00c4\u00c4 3PMSF-merkint&auml;: Kyll&auml;J&auml;&auml;pitomerkint&auml;: Kyll&auml;<\/p>\n","protected":false},"featured_media":374165,"comment_status":"closed","ping_status":"closed","template":"","meta":[],"product_brand":[],"product_cat":[7231,1147,1043,1302],"product_tag":[],"class_list":{"0":"post-842535","1":"product","2":"type-product","3":"status-publish","4":"has-post-thumbnail","6":"product_cat-225-55-17","7":"product_cat-pakettiauto","8":"product_cat-renkaat","9":"product_cat-talvi-pakettiauto","11":"first","12":"instock","13":"sale","14":"taxable","15":"shipping-taxable","16":"purchasable","17":"product-type-simple"},"aioseo_notices":[],"_links":{"self":[{"href":"https:\/\/www.eurovanne.fi\/vanteet\/wp-json\/wp\/v2\/product\/842535","targetHints":{"allow":["GET"]}}],"collection":[{"href":"https:\/\/www.eurovanne.fi\/vanteet\/wp-json\/wp\/v2\/product"}],"about":[{"href":"https:\/\/www.eurovanne.fi\/vanteet\/wp-json\/wp\/v2\/types\/product"}],"replies":[{"embeddable":true,"href":"https:\/\/www.eurovanne.fi\/vanteet\/wp-json\/wp\/v2\/comments?post=842535"}],"wp:featuredmedia":[{"embeddable":true,"href":"https:\/\/www.eurovanne.fi\/vanteet\/wp-json\/wp\/v2\/media\/374165"}],"wp:attachment":[{"href":"https:\/\/www.eurovanne.fi\/vanteet\/wp-json\/wp\/v2\/media?parent=842535"}],"wp:term":[{"taxonomy":"product_brand","embeddable":true,"href":"https:\/\/www.eurovanne.fi\/vanteet\/wp-json\/wp\/v2\/product_brand?post=842535"},{"taxonomy":"product_cat","embeddable":true,"href":"https:\/\/www.eurovanne.fi\/vanteet\/wp-json\/wp\/v2\/product_cat?post=842535"},{"taxonomy":"product_tag","embeddable":true,"href":"https:\/\/www.eurovanne.fi\/vanteet\/wp-json\/wp\/v2\/product_tag?post=842535"}],"curies":[{"name":"wp","href":"https:\/\/api.w.org\/{rel}","templated":true}]}}