{"id":842868,"date":"2026-03-13T04:22:34","date_gmt":"2026-03-13T02:22:34","guid":{"rendered":"https:\/\/www.eurovanne.fi\/vanteet\/verkkokauppa\/kumho-cw11-studdable-225-65-16c-r\/"},"modified":"2026-04-01T20:59:02","modified_gmt":"2026-04-01T17:59:02","slug":"kumho-cw11-studdable-225-65-16c-r","status":"publish","type":"product","link":"https:\/\/www.eurovanne.fi\/vanteet\/verkkokauppa\/kumho-cw11-studdable-225-65-16c-r\/","title":{"rendered":"Kumho CW11 Studdable 225\/65-16C R"},"content":{"rendered":"<p>Merkki: Kumho<br \/>\nMalli: CW11 Studdable<br \/>\nKoko: 225\/65-16C = 225\/65R16C<br \/>\nNopeusluokka: R<br \/>\nLoad Index (LI): 112\/110<br \/>\nTyyppi: Pakettiauto<br \/>\nTalvirengas<br \/>\nNasta: Ei<\/p>\n<p>TOIMITUSAIKA: 5-7 P\u00c4IV\u00c4\u00c4<\/p>\n<div class=\"eurengas-container\"><\/div>\n","protected":false},"excerpt":{"rendered":"<p>Merkki: Kumho Malli: CW11 Studdable Koko: 225\/65-16C = 225\/65R16C Nopeusluokka: R Load Index (LI): 112\/110 Tyyppi: Pakettiauto Talvirengas Nasta: Ei TOIMITUSAIKA: 5-7 P\u00c4IV\u00c4\u00c4<\/p>\n","protected":false},"featured_media":0,"comment_status":"closed","ping_status":"closed","template":"","meta":[],"product_brand":[],"product_cat":[1510,1147,1043,1302],"product_tag":[],"class_list":{"0":"post-842868","1":"product","2":"type-product","3":"status-publish","5":"product_cat-22565-16c-talvi-pakettiauto","6":"product_cat-pakettiauto","7":"product_cat-renkaat","8":"product_cat-talvi-pakettiauto","10":"first","11":"instock","12":"sale","13":"taxable","14":"shipping-taxable","15":"purchasable","16":"product-type-simple"},"aioseo_notices":[],"_links":{"self":[{"href":"https:\/\/www.eurovanne.fi\/vanteet\/wp-json\/wp\/v2\/product\/842868","targetHints":{"allow":["GET"]}}],"collection":[{"href":"https:\/\/www.eurovanne.fi\/vanteet\/wp-json\/wp\/v2\/product"}],"about":[{"href":"https:\/\/www.eurovanne.fi\/vanteet\/wp-json\/wp\/v2\/types\/product"}],"replies":[{"embeddable":true,"href":"https:\/\/www.eurovanne.fi\/vanteet\/wp-json\/wp\/v2\/comments?post=842868"}],"wp:attachment":[{"href":"https:\/\/www.eurovanne.fi\/vanteet\/wp-json\/wp\/v2\/media?parent=842868"}],"wp:term":[{"taxonomy":"product_brand","embeddable":true,"href":"https:\/\/www.eurovanne.fi\/vanteet\/wp-json\/wp\/v2\/product_brand?post=842868"},{"taxonomy":"product_cat","embeddable":true,"href":"https:\/\/www.eurovanne.fi\/vanteet\/wp-json\/wp\/v2\/product_cat?post=842868"},{"taxonomy":"product_tag","embeddable":true,"href":"https:\/\/www.eurovanne.fi\/vanteet\/wp-json\/wp\/v2\/product_tag?post=842868"}],"curies":[{"name":"wp","href":"https:\/\/api.w.org\/{rel}","templated":true}]}}