{"id":843568,"date":"2026-03-18T04:06:02","date_gmt":"2026-03-18T02:06:02","guid":{"rendered":"https:\/\/www.eurovanne.fi\/vanteet\/verkkokauppa\/laufenn-x-fit-van-215-75-16c-r\/"},"modified":"2026-04-01T19:07:50","modified_gmt":"2026-04-01T16:07:50","slug":"laufenn-x-fit-van-215-75-16c-r","status":"publish","type":"product","link":"https:\/\/www.eurovanne.fi\/vanteet\/verkkokauppa\/laufenn-x-fit-van-215-75-16c-r\/","title":{"rendered":"Laufenn X Fit VAN 215\/75-16C R"},"content":{"rendered":"<p>Merkki: Laufenn<br \/>\nMalli: X Fit VAN<br \/>\nKoko: 215\/75-16C = 215\/75R16C<br \/>\nNopeusluokka: R<br \/>\nLoad Index (LI): 116\/114<br \/>\nTyyppi: Pakettiauto<br \/>\nKes\u00e4rengas<br \/>\nNasta: Ei<\/p>\n<p>TOIMITUSAIKA: 5-7 P\u00c4IV\u00c4\u00c4<\/p>\n<p>3PMSF-merkint&auml;: Kyll&auml;<br \/>J&auml;&auml;pitomerkint&auml;: Kyll&auml;<\/p>\n<div class=\"eurengas-container\"><\/div>\n","protected":false},"excerpt":{"rendered":"<p>Merkki: Laufenn Malli: X Fit VAN Koko: 215\/75-16C = 215\/75R16C Nopeusluokka: R Load Index (LI): 116\/114 Tyyppi: Pakettiauto Kes\u00e4rengas Nasta: Ei TOIMITUSAIKA: 5-7 P\u00c4IV\u00c4\u00c4 3PMSF-merkint&auml;: Kyll&auml;J&auml;&auml;pitomerkint&auml;: Kyll&auml;<\/p>\n","protected":false},"featured_media":754937,"comment_status":"closed","ping_status":"closed","template":"","meta":[],"product_brand":[],"product_cat":[1334,1148,1147,1043],"product_tag":[],"class_list":{"0":"post-843568","1":"product","2":"type-product","3":"status-publish","4":"has-post-thumbnail","6":"product_cat-21575-16c","7":"product_cat-kesa-pakettiauto","8":"product_cat-pakettiauto","9":"product_cat-renkaat","11":"first","12":"instock","13":"sale","14":"taxable","15":"shipping-taxable","16":"purchasable","17":"product-type-simple"},"aioseo_notices":[],"_links":{"self":[{"href":"https:\/\/www.eurovanne.fi\/vanteet\/wp-json\/wp\/v2\/product\/843568","targetHints":{"allow":["GET"]}}],"collection":[{"href":"https:\/\/www.eurovanne.fi\/vanteet\/wp-json\/wp\/v2\/product"}],"about":[{"href":"https:\/\/www.eurovanne.fi\/vanteet\/wp-json\/wp\/v2\/types\/product"}],"replies":[{"embeddable":true,"href":"https:\/\/www.eurovanne.fi\/vanteet\/wp-json\/wp\/v2\/comments?post=843568"}],"wp:featuredmedia":[{"embeddable":true,"href":"https:\/\/www.eurovanne.fi\/vanteet\/wp-json\/wp\/v2\/media\/754937"}],"wp:attachment":[{"href":"https:\/\/www.eurovanne.fi\/vanteet\/wp-json\/wp\/v2\/media?parent=843568"}],"wp:term":[{"taxonomy":"product_brand","embeddable":true,"href":"https:\/\/www.eurovanne.fi\/vanteet\/wp-json\/wp\/v2\/product_brand?post=843568"},{"taxonomy":"product_cat","embeddable":true,"href":"https:\/\/www.eurovanne.fi\/vanteet\/wp-json\/wp\/v2\/product_cat?post=843568"},{"taxonomy":"product_tag","embeddable":true,"href":"https:\/\/www.eurovanne.fi\/vanteet\/wp-json\/wp\/v2\/product_tag?post=843568"}],"curies":[{"name":"wp","href":"https:\/\/api.w.org\/{rel}","templated":true}]}}