{"id":844066,"date":"2026-03-20T07:51:30","date_gmt":"2026-03-20T05:51:30","guid":{"rendered":"https:\/\/www.eurovanne.fi\/vanteet\/verkkokauppa\/forerunner-atlas-monkijan-rengas-winter-27x9-14-f\/"},"modified":"2026-04-22T02:02:04","modified_gmt":"2026-04-21T23:02:04","slug":"forerunner-atlas-monkijan-rengas-winter-27x9-14-f","status":"publish","type":"product","link":"https:\/\/www.eurovanne.fi\/vanteet\/verkkokauppa\/forerunner-atlas-monkijan-rengas-winter-27x9-14-f\/","title":{"rendered":"Forerunner ATLAS m\u00f6nkij\u00e4n rengas Winter 27&#215;9-14 F"},"content":{"rendered":"<p>Merkki: Forerunner<br \/>\nMalli: ATLAS m\u00f6nkij\u00e4n rengas Winter<br \/>\nKoko: 27&#215;9-14<br \/>\nNopeusluokka: F<br \/>\nLoad Index (LI): 49<br \/>\nTyyppi: M\u00f6nkij\u00e4<br \/>\nTalvirengas<br \/>\nNasta: Kyll\u00e4<\/p>\n<div class=\"eurengas-container\"><\/div>\n","protected":false},"excerpt":{"rendered":"<p>Merkki: Forerunner Malli: ATLAS m\u00f6nkij\u00e4n rengas Winter Koko: 27&#215;9-14 Nopeusluokka: F Load Index (LI): 49 Tyyppi: M\u00f6nkij\u00e4 Talvirengas Nasta: Kyll\u00e4<\/p>\n","protected":false},"featured_media":754359,"comment_status":"closed","ping_status":"closed","template":"","meta":[],"product_brand":[],"product_cat":[6966,4524,1043,6145],"product_tag":[],"class_list":{"0":"post-844066","1":"product","2":"type-product","3":"status-publish","4":"has-post-thumbnail","6":"product_cat-27x9-14-talvi-monkija","7":"product_cat-monkija","8":"product_cat-renkaat","9":"product_cat-talvi-monkija","11":"first","12":"instock","13":"sale","14":"taxable","15":"shipping-taxable","16":"purchasable","17":"product-type-simple"},"aioseo_notices":[],"_links":{"self":[{"href":"https:\/\/www.eurovanne.fi\/vanteet\/wp-json\/wp\/v2\/product\/844066","targetHints":{"allow":["GET"]}}],"collection":[{"href":"https:\/\/www.eurovanne.fi\/vanteet\/wp-json\/wp\/v2\/product"}],"about":[{"href":"https:\/\/www.eurovanne.fi\/vanteet\/wp-json\/wp\/v2\/types\/product"}],"replies":[{"embeddable":true,"href":"https:\/\/www.eurovanne.fi\/vanteet\/wp-json\/wp\/v2\/comments?post=844066"}],"wp:featuredmedia":[{"embeddable":true,"href":"https:\/\/www.eurovanne.fi\/vanteet\/wp-json\/wp\/v2\/media\/754359"}],"wp:attachment":[{"href":"https:\/\/www.eurovanne.fi\/vanteet\/wp-json\/wp\/v2\/media?parent=844066"}],"wp:term":[{"taxonomy":"product_brand","embeddable":true,"href":"https:\/\/www.eurovanne.fi\/vanteet\/wp-json\/wp\/v2\/product_brand?post=844066"},{"taxonomy":"product_cat","embeddable":true,"href":"https:\/\/www.eurovanne.fi\/vanteet\/wp-json\/wp\/v2\/product_cat?post=844066"},{"taxonomy":"product_tag","embeddable":true,"href":"https:\/\/www.eurovanne.fi\/vanteet\/wp-json\/wp\/v2\/product_tag?post=844066"}],"curies":[{"name":"wp","href":"https:\/\/api.w.org\/{rel}","templated":true}]}}