{"id":844073,"date":"2026-03-20T07:54:02","date_gmt":"2026-03-20T05:54:02","guid":{"rendered":"https:\/\/www.eurovanne.fi\/vanteet\/verkkokauppa\/forerunner-knight-monkijan-rengas-26x11-14-f\/"},"modified":"2026-05-12T02:04:27","modified_gmt":"2026-05-11T23:04:27","slug":"forerunner-knight-monkijan-rengas-26x11-14-f","status":"publish","type":"product","link":"https:\/\/www.eurovanne.fi\/vanteet\/verkkokauppa\/forerunner-knight-monkijan-rengas-26x11-14-f\/","title":{"rendered":"Forerunner KNIGHT m\u00f6nkij\u00e4n rengas 26&#215;11-14 F"},"content":{"rendered":"<p>Merkki: Forerunner<br \/>\nMalli: KNIGHT m\u00f6nkij\u00e4n rengas<br \/>\nKoko: 26&#215;11-14<br \/>\nNopeusluokka: F<br \/>\nLoad Index (LI): 54<br \/>\nTyyppi: M\u00f6nkij\u00e4<br \/>\nKes\u00e4rengas<br \/>\nNasta: Ei<\/p>\n<div class=\"eurengas-container\"><\/div>\n","protected":false},"excerpt":{"rendered":"<p>Merkki: Forerunner Malli: KNIGHT m\u00f6nkij\u00e4n rengas Koko: 26&#215;11-14 Nopeusluokka: F Load Index (LI): 54 Tyyppi: M\u00f6nkij\u00e4 Kes\u00e4rengas Nasta: Ei<\/p>\n","protected":false},"featured_media":325738,"comment_status":"closed","ping_status":"closed","template":"","meta":[],"product_brand":[],"product_cat":[4751,4525,4524,1043],"product_tag":[],"class_list":{"0":"post-844073","1":"product","2":"type-product","3":"status-publish","4":"has-post-thumbnail","6":"product_cat-26x11-14","7":"product_cat-kesa-monkija","8":"product_cat-monkija","9":"product_cat-renkaat","11":"first","12":"instock","13":"sale","14":"taxable","15":"shipping-taxable","16":"purchasable","17":"product-type-simple"},"aioseo_notices":[],"_links":{"self":[{"href":"https:\/\/www.eurovanne.fi\/vanteet\/wp-json\/wp\/v2\/product\/844073","targetHints":{"allow":["GET"]}}],"collection":[{"href":"https:\/\/www.eurovanne.fi\/vanteet\/wp-json\/wp\/v2\/product"}],"about":[{"href":"https:\/\/www.eurovanne.fi\/vanteet\/wp-json\/wp\/v2\/types\/product"}],"replies":[{"embeddable":true,"href":"https:\/\/www.eurovanne.fi\/vanteet\/wp-json\/wp\/v2\/comments?post=844073"}],"wp:featuredmedia":[{"embeddable":true,"href":"https:\/\/www.eurovanne.fi\/vanteet\/wp-json\/wp\/v2\/media\/325738"}],"wp:attachment":[{"href":"https:\/\/www.eurovanne.fi\/vanteet\/wp-json\/wp\/v2\/media?parent=844073"}],"wp:term":[{"taxonomy":"product_brand","embeddable":true,"href":"https:\/\/www.eurovanne.fi\/vanteet\/wp-json\/wp\/v2\/product_brand?post=844073"},{"taxonomy":"product_cat","embeddable":true,"href":"https:\/\/www.eurovanne.fi\/vanteet\/wp-json\/wp\/v2\/product_cat?post=844073"},{"taxonomy":"product_tag","embeddable":true,"href":"https:\/\/www.eurovanne.fi\/vanteet\/wp-json\/wp\/v2\/product_tag?post=844073"}],"curies":[{"name":"wp","href":"https:\/\/api.w.org\/{rel}","templated":true}]}}