{"id":844089,"date":"2026-03-20T07:54:36","date_gmt":"2026-03-20T05:54:36","guid":{"rendered":"https:\/\/www.eurovanne.fi\/vanteet\/verkkokauppa\/forerunner-victory-monkijan-rengas-winter-26x9-12-f\/"},"modified":"2026-04-22T02:04:06","modified_gmt":"2026-04-21T23:04:06","slug":"forerunner-victory-monkijan-rengas-winter-26x9-12-f","status":"publish","type":"product","link":"https:\/\/www.eurovanne.fi\/vanteet\/verkkokauppa\/forerunner-victory-monkijan-rengas-winter-26x9-12-f\/","title":{"rendered":"Forerunner VICTORY m\u00f6nkij\u00e4n rengas Winter 26&#215;9-12 F"},"content":{"rendered":"<p>Merkki: Forerunner<br \/>\nMalli: VICTORY m\u00f6nkij\u00e4n rengas Winter<br \/>\nKoko: 26&#215;9-12<br \/>\nNopeusluokka: F<br \/>\nLoad Index (LI): 49<br \/>\nTyyppi: M\u00f6nkij\u00e4<br \/>\nTalvirengas<br \/>\nNasta: Kyll\u00e4<\/p>\n<div class=\"eurengas-container\"><\/div>\n","protected":false},"excerpt":{"rendered":"<p>Merkki: Forerunner Malli: VICTORY m\u00f6nkij\u00e4n rengas Winter Koko: 26&#215;9-12 Nopeusluokka: F Load Index (LI): 49 Tyyppi: M\u00f6nkij\u00e4 Talvirengas Nasta: Kyll\u00e4<\/p>\n","protected":false},"featured_media":754365,"comment_status":"closed","ping_status":"closed","template":"","meta":[],"product_brand":[],"product_cat":[6967,4524,1043,6145],"product_tag":[],"class_list":{"0":"post-844089","1":"product","2":"type-product","3":"status-publish","4":"has-post-thumbnail","6":"product_cat-26x9-12-talvi-monkija","7":"product_cat-monkija","8":"product_cat-renkaat","9":"product_cat-talvi-monkija","11":"first","12":"instock","13":"sale","14":"taxable","15":"shipping-taxable","16":"purchasable","17":"product-type-simple"},"aioseo_notices":[],"_links":{"self":[{"href":"https:\/\/www.eurovanne.fi\/vanteet\/wp-json\/wp\/v2\/product\/844089","targetHints":{"allow":["GET"]}}],"collection":[{"href":"https:\/\/www.eurovanne.fi\/vanteet\/wp-json\/wp\/v2\/product"}],"about":[{"href":"https:\/\/www.eurovanne.fi\/vanteet\/wp-json\/wp\/v2\/types\/product"}],"replies":[{"embeddable":true,"href":"https:\/\/www.eurovanne.fi\/vanteet\/wp-json\/wp\/v2\/comments?post=844089"}],"wp:featuredmedia":[{"embeddable":true,"href":"https:\/\/www.eurovanne.fi\/vanteet\/wp-json\/wp\/v2\/media\/754365"}],"wp:attachment":[{"href":"https:\/\/www.eurovanne.fi\/vanteet\/wp-json\/wp\/v2\/media?parent=844089"}],"wp:term":[{"taxonomy":"product_brand","embeddable":true,"href":"https:\/\/www.eurovanne.fi\/vanteet\/wp-json\/wp\/v2\/product_brand?post=844089"},{"taxonomy":"product_cat","embeddable":true,"href":"https:\/\/www.eurovanne.fi\/vanteet\/wp-json\/wp\/v2\/product_cat?post=844089"},{"taxonomy":"product_tag","embeddable":true,"href":"https:\/\/www.eurovanne.fi\/vanteet\/wp-json\/wp\/v2\/product_tag?post=844089"}],"curies":[{"name":"wp","href":"https:\/\/api.w.org\/{rel}","templated":true}]}}