{"id":844557,"date":"2026-03-24T04:12:33","date_gmt":"2026-03-24T02:12:33","guid":{"rendered":"https:\/\/www.eurovanne.fi\/vanteet\/verkkokauppa\/pirelli-powergy-2-205-40-17-y\/"},"modified":"2026-05-05T04:34:11","modified_gmt":"2026-05-05T01:34:11","slug":"pirelli-powergy-2-205-40-17-y","status":"publish","type":"product","link":"https:\/\/www.eurovanne.fi\/vanteet\/verkkokauppa\/pirelli-powergy-2-205-40-17-y\/","title":{"rendered":"Pirelli Powergy 2 205\/40-17 Y"},"content":{"rendered":"<p>Merkki: Pirelli<br \/>\nMalli: Powergy 2<br \/>\nKoko: 205\/40-17 = 205\/40R17<br \/>\nNopeusluokka: Y<br \/>\nLoad Index (LI): 84 XL<br \/>\nTyyppi: Henkil\u00f6auto<br \/>\nKes\u00e4rengas<br \/>\nNasta: Ei<\/p>\n<p>TOIMITUSAIKA: 5-7 P\u00c4IV\u00c4\u00c4<\/p>\n<div class=\"eurengas-container\"><\/div>\n","protected":false},"excerpt":{"rendered":"<p>Merkki: Pirelli Malli: Powergy 2 Koko: 205\/40-17 = 205\/40R17 Nopeusluokka: Y Load Index (LI): 84 XL Tyyppi: Henkil\u00f6auto Kes\u00e4rengas Nasta: Ei TOIMITUSAIKA: 5-7 P\u00c4IV\u00c4\u00c4<\/p>\n","protected":false},"featured_media":833872,"comment_status":"closed","ping_status":"closed","template":"","meta":[],"product_brand":[],"product_cat":[1105,1051,1074,1043],"product_tag":[],"class_list":{"0":"post-844557","1":"product","2":"type-product","3":"status-publish","4":"has-post-thumbnail","6":"product_cat-20540-17","7":"product_cat-henkiloauto","8":"product_cat-kesa-henkiloauto","9":"product_cat-renkaat","11":"first","12":"instock","13":"sale","14":"taxable","15":"shipping-taxable","16":"purchasable","17":"product-type-simple"},"aioseo_notices":[],"_links":{"self":[{"href":"https:\/\/www.eurovanne.fi\/vanteet\/wp-json\/wp\/v2\/product\/844557","targetHints":{"allow":["GET"]}}],"collection":[{"href":"https:\/\/www.eurovanne.fi\/vanteet\/wp-json\/wp\/v2\/product"}],"about":[{"href":"https:\/\/www.eurovanne.fi\/vanteet\/wp-json\/wp\/v2\/types\/product"}],"replies":[{"embeddable":true,"href":"https:\/\/www.eurovanne.fi\/vanteet\/wp-json\/wp\/v2\/comments?post=844557"}],"wp:featuredmedia":[{"embeddable":true,"href":"https:\/\/www.eurovanne.fi\/vanteet\/wp-json\/wp\/v2\/media\/833872"}],"wp:attachment":[{"href":"https:\/\/www.eurovanne.fi\/vanteet\/wp-json\/wp\/v2\/media?parent=844557"}],"wp:term":[{"taxonomy":"product_brand","embeddable":true,"href":"https:\/\/www.eurovanne.fi\/vanteet\/wp-json\/wp\/v2\/product_brand?post=844557"},{"taxonomy":"product_cat","embeddable":true,"href":"https:\/\/www.eurovanne.fi\/vanteet\/wp-json\/wp\/v2\/product_cat?post=844557"},{"taxonomy":"product_tag","embeddable":true,"href":"https:\/\/www.eurovanne.fi\/vanteet\/wp-json\/wp\/v2\/product_tag?post=844557"}],"curies":[{"name":"wp","href":"https:\/\/api.w.org\/{rel}","templated":true}]}}