{"id":844776,"date":"2026-03-25T04:11:49","date_gmt":"2026-03-25T02:11:49","guid":{"rendered":"https:\/\/www.eurovanne.fi\/vanteet\/verkkokauppa\/maxxis-allseason-ap3-suv-235-50-18-w\/"},"modified":"2026-04-07T04:07:54","modified_gmt":"2026-04-07T01:07:54","slug":"maxxis-allseason-ap3-suv-235-50-18-w","status":"publish","type":"product","link":"https:\/\/www.eurovanne.fi\/vanteet\/verkkokauppa\/maxxis-allseason-ap3-suv-235-50-18-w\/","title":{"rendered":"Maxxis Allseason Ap3 Suv 235\/50-18 W"},"content":{"rendered":"<p>Merkki: Maxxis<br \/>\nMalli: Allseason Ap3 Suv<br \/>\nKoko: 235\/50-18 = 235\/50R18<br \/>\nNopeusluokka: W<br \/>\nLoad Index (LI): 101 XL<br \/>\nTyyppi: 4&#215;4<br \/>\nAastaringnerengas<br \/>\nNasta: Ei<\/p>\n<p>TOIMITUSAIKA: 5-7 P\u00c4IV\u00c4\u00c4<\/p>\n<p>3PMSF-merkint&auml;: Kyll&auml;<\/p>\n<div class=\"eurengas-container\"><\/div>\n","protected":false},"excerpt":{"rendered":"<p>Merkki: Maxxis Malli: Allseason Ap3 Suv Koko: 235\/50-18 = 235\/50R18 Nopeusluokka: W Load Index (LI): 101 XL Tyyppi: 4&#215;4 Aastaringnerengas Nasta: Ei TOIMITUSAIKA: 5-7 P\u00c4IV\u00c4\u00c4 3PMSF-merkint&auml;: Kyll&auml;<\/p>\n","protected":false},"featured_media":336523,"comment_status":"closed","ping_status":"closed","template":"","meta":[],"product_brand":[],"product_cat":[9287,1071,5213,1043],"product_tag":[],"class_list":{"0":"post-844776","1":"product","2":"type-product","3":"status-publish","4":"has-post-thumbnail","6":"product_cat-235-50-18-aastaringne-4x4","7":"product_cat-4x4","8":"product_cat-aastaringne-4x4","9":"product_cat-renkaat","11":"first","12":"instock","13":"sale","14":"taxable","15":"shipping-taxable","16":"purchasable","17":"product-type-simple"},"aioseo_notices":[],"_links":{"self":[{"href":"https:\/\/www.eurovanne.fi\/vanteet\/wp-json\/wp\/v2\/product\/844776","targetHints":{"allow":["GET"]}}],"collection":[{"href":"https:\/\/www.eurovanne.fi\/vanteet\/wp-json\/wp\/v2\/product"}],"about":[{"href":"https:\/\/www.eurovanne.fi\/vanteet\/wp-json\/wp\/v2\/types\/product"}],"replies":[{"embeddable":true,"href":"https:\/\/www.eurovanne.fi\/vanteet\/wp-json\/wp\/v2\/comments?post=844776"}],"wp:featuredmedia":[{"embeddable":true,"href":"https:\/\/www.eurovanne.fi\/vanteet\/wp-json\/wp\/v2\/media\/336523"}],"wp:attachment":[{"href":"https:\/\/www.eurovanne.fi\/vanteet\/wp-json\/wp\/v2\/media?parent=844776"}],"wp:term":[{"taxonomy":"product_brand","embeddable":true,"href":"https:\/\/www.eurovanne.fi\/vanteet\/wp-json\/wp\/v2\/product_brand?post=844776"},{"taxonomy":"product_cat","embeddable":true,"href":"https:\/\/www.eurovanne.fi\/vanteet\/wp-json\/wp\/v2\/product_cat?post=844776"},{"taxonomy":"product_tag","embeddable":true,"href":"https:\/\/www.eurovanne.fi\/vanteet\/wp-json\/wp\/v2\/product_tag?post=844776"}],"curies":[{"name":"wp","href":"https:\/\/api.w.org\/{rel}","templated":true}]}}