{"id":844801,"date":"2026-03-25T04:14:04","date_gmt":"2026-03-25T02:14:04","guid":{"rendered":"https:\/\/www.eurovanne.fi\/vanteet\/verkkokauppa\/maxxis-vansmart-a-s-al2-185-80-14-r\/"},"modified":"2026-04-01T21:03:07","modified_gmt":"2026-04-01T18:03:07","slug":"maxxis-vansmart-a-s-al2-185-80-14-r","status":"publish","type":"product","link":"https:\/\/www.eurovanne.fi\/vanteet\/verkkokauppa\/maxxis-vansmart-a-s-al2-185-80-14-r\/","title":{"rendered":"Maxxis Vansmart A\/s Al2 185\/80-14 R"},"content":{"rendered":"<p>Merkki: Maxxis<br \/>\nMalli: Vansmart A\/s Al2<br \/>\nKoko: 185\/80-14 = 185\/80R14<br \/>\nNopeusluokka: R<br \/>\nLoad Index (LI): 102\/100<br \/>\nTyyppi: Pakettiauto<br \/>\nAastaringnerengas<br \/>\nNasta: Ei<\/p>\n<p>TOIMITUSAIKA: 5-7 P\u00c4IV\u00c4\u00c4<\/p>\n<p>3PMSF-merkint&auml;: Kyll&auml;<\/p>\n<div class=\"eurengas-container\"><\/div>\n","protected":false},"excerpt":{"rendered":"<p>Merkki: Maxxis Malli: Vansmart A\/s Al2 Koko: 185\/80-14 = 185\/80R14 Nopeusluokka: R Load Index (LI): 102\/100 Tyyppi: Pakettiauto Aastaringnerengas Nasta: Ei TOIMITUSAIKA: 5-7 P\u00c4IV\u00c4\u00c4 3PMSF-merkint&auml;: Kyll&auml;<\/p>\n","protected":false},"featured_media":335507,"comment_status":"closed","ping_status":"closed","template":"","meta":[],"product_brand":[],"product_cat":[9288,5210,1147,1043],"product_tag":[],"class_list":{"0":"post-844801","1":"product","2":"type-product","3":"status-publish","4":"has-post-thumbnail","6":"product_cat-185-80-14-aastaringne-pakettiauto","7":"product_cat-aastaringne-pakettiauto","8":"product_cat-pakettiauto","9":"product_cat-renkaat","11":"first","12":"instock","13":"sale","14":"taxable","15":"shipping-taxable","16":"purchasable","17":"product-type-simple"},"aioseo_notices":[],"_links":{"self":[{"href":"https:\/\/www.eurovanne.fi\/vanteet\/wp-json\/wp\/v2\/product\/844801","targetHints":{"allow":["GET"]}}],"collection":[{"href":"https:\/\/www.eurovanne.fi\/vanteet\/wp-json\/wp\/v2\/product"}],"about":[{"href":"https:\/\/www.eurovanne.fi\/vanteet\/wp-json\/wp\/v2\/types\/product"}],"replies":[{"embeddable":true,"href":"https:\/\/www.eurovanne.fi\/vanteet\/wp-json\/wp\/v2\/comments?post=844801"}],"wp:featuredmedia":[{"embeddable":true,"href":"https:\/\/www.eurovanne.fi\/vanteet\/wp-json\/wp\/v2\/media\/335507"}],"wp:attachment":[{"href":"https:\/\/www.eurovanne.fi\/vanteet\/wp-json\/wp\/v2\/media?parent=844801"}],"wp:term":[{"taxonomy":"product_brand","embeddable":true,"href":"https:\/\/www.eurovanne.fi\/vanteet\/wp-json\/wp\/v2\/product_brand?post=844801"},{"taxonomy":"product_cat","embeddable":true,"href":"https:\/\/www.eurovanne.fi\/vanteet\/wp-json\/wp\/v2\/product_cat?post=844801"},{"taxonomy":"product_tag","embeddable":true,"href":"https:\/\/www.eurovanne.fi\/vanteet\/wp-json\/wp\/v2\/product_tag?post=844801"}],"curies":[{"name":"wp","href":"https:\/\/api.w.org\/{rel}","templated":true}]}}