{"id":845057,"date":"2026-03-27T04:04:00","date_gmt":"2026-03-27T02:04:00","guid":{"rendered":"https:\/\/www.eurovanne.fi\/vanteet\/verkkokauppa\/maxxis-trepador-m8060-bias-40-13-5-17-k\/"},"modified":"2026-04-01T18:38:34","modified_gmt":"2026-04-01T15:38:34","slug":"maxxis-trepador-m8060-bias-40-13-5-17-k","status":"publish","type":"product","link":"https:\/\/www.eurovanne.fi\/vanteet\/verkkokauppa\/maxxis-trepador-m8060-bias-40-13-5-17-k\/","title":{"rendered":"Maxxis Trepador M8060 Bias 40\/13.5-17 K"},"content":{"rendered":"<p>Merkki: Maxxis<br \/>\nMalli: Trepador M8060 Bias<br \/>\nKoko: 40\/13.5-17 = 40\/13.5R17<br \/>\nNopeusluokka: K<br \/>\nLoad Index (LI): 123<br \/>\nTyyppi: 4&#215;4<br \/>\nKes\u00e4rengas<br \/>\nNasta: Ei<\/p>\n<p>TOIMITUSAIKA: 5-7 P\u00c4IV\u00c4\u00c4<\/p>\n<div class=\"eurengas-container\"><\/div>\n","protected":false},"excerpt":{"rendered":"<p>Merkki: Maxxis Malli: Trepador M8060 Bias Koko: 40\/13.5-17 = 40\/13.5R17 Nopeusluokka: K Load Index (LI): 123 Tyyppi: 4&#215;4 Kes\u00e4rengas Nasta: Ei TOIMITUSAIKA: 5-7 P\u00c4IV\u00c4\u00c4<\/p>\n","protected":false},"featured_media":604051,"comment_status":"closed","ping_status":"closed","template":"","meta":[],"product_brand":[],"product_cat":[8912,1071,1151,1043],"product_tag":[],"class_list":{"0":"post-845057","1":"product","2":"type-product","3":"status-publish","4":"has-post-thumbnail","6":"product_cat-40-13-5-17","7":"product_cat-4x4","8":"product_cat-kesa-4x4","9":"product_cat-renkaat","11":"first","12":"instock","13":"sale","14":"taxable","15":"shipping-taxable","16":"purchasable","17":"product-type-simple"},"aioseo_notices":[],"_links":{"self":[{"href":"https:\/\/www.eurovanne.fi\/vanteet\/wp-json\/wp\/v2\/product\/845057","targetHints":{"allow":["GET"]}}],"collection":[{"href":"https:\/\/www.eurovanne.fi\/vanteet\/wp-json\/wp\/v2\/product"}],"about":[{"href":"https:\/\/www.eurovanne.fi\/vanteet\/wp-json\/wp\/v2\/types\/product"}],"replies":[{"embeddable":true,"href":"https:\/\/www.eurovanne.fi\/vanteet\/wp-json\/wp\/v2\/comments?post=845057"}],"wp:featuredmedia":[{"embeddable":true,"href":"https:\/\/www.eurovanne.fi\/vanteet\/wp-json\/wp\/v2\/media\/604051"}],"wp:attachment":[{"href":"https:\/\/www.eurovanne.fi\/vanteet\/wp-json\/wp\/v2\/media?parent=845057"}],"wp:term":[{"taxonomy":"product_brand","embeddable":true,"href":"https:\/\/www.eurovanne.fi\/vanteet\/wp-json\/wp\/v2\/product_brand?post=845057"},{"taxonomy":"product_cat","embeddable":true,"href":"https:\/\/www.eurovanne.fi\/vanteet\/wp-json\/wp\/v2\/product_cat?post=845057"},{"taxonomy":"product_tag","embeddable":true,"href":"https:\/\/www.eurovanne.fi\/vanteet\/wp-json\/wp\/v2\/product_tag?post=845057"}],"curies":[{"name":"wp","href":"https:\/\/api.w.org\/{rel}","templated":true}]}}