{"id":845642,"date":"2026-03-31T04:00:03","date_gmt":"2026-03-31T01:00:03","guid":{"rendered":"https:\/\/www.eurovanne.fi\/vanteet\/verkkokauppa\/triangle-tr652-225-75-16-q\/"},"modified":"2026-04-01T16:11:18","modified_gmt":"2026-04-01T13:11:18","slug":"triangle-tr652-225-75-16-q","status":"publish","type":"product","link":"https:\/\/www.eurovanne.fi\/vanteet\/verkkokauppa\/triangle-tr652-225-75-16-q\/","title":{"rendered":"TRIANGLE Tr652 225\/75-16 Q"},"content":{"rendered":"<p>Merkki: TRIANGLE<br \/>\nMalli: Tr652<br \/>\nKoko: 225\/75-16 = 225\/75R16<br \/>\nNopeusluokka: Q<br \/>\nLoad Index (LI): 116\/114<br \/>\nTyyppi: Pakettiauto<br \/>\nKes\u00e4rengas<br \/>\nNasta: Ei<\/p>\n<p>TOIMITUSAIKA: 5-7 P\u00c4IV\u00c4\u00c4<\/p>\n<div class=\"eurengas-container\"><img decoding=\"async\" src=\"https:\/\/eprel.ec.europa.eu\/labels\/tyres\/Label_429268.svg\" alt=\"EU-rengasmerkinn&auml;t\" class=\"eurengas-base\" \/><\/div>\n","protected":false},"excerpt":{"rendered":"<p>Merkki: TRIANGLE Malli: Tr652 Koko: 225\/75-16 = 225\/75R16 Nopeusluokka: Q Load Index (LI): 116\/114 Tyyppi: Pakettiauto Kes\u00e4rengas Nasta: Ei TOIMITUSAIKA: 5-7 P\u00c4IV\u00c4\u00c4<\/p>\n","protected":false},"featured_media":284045,"comment_status":"closed","ping_status":"closed","template":"","meta":[],"product_brand":[],"product_cat":[7086,1148,1147,1043],"product_tag":[],"class_list":{"0":"post-845642","1":"product","2":"type-product","3":"status-publish","4":"has-post-thumbnail","6":"product_cat-225-75-16-kesa-pakettiauto","7":"product_cat-kesa-pakettiauto","8":"product_cat-pakettiauto","9":"product_cat-renkaat","11":"first","12":"instock","13":"sale","14":"taxable","15":"shipping-taxable","16":"purchasable","17":"product-type-simple"},"aioseo_notices":[],"_links":{"self":[{"href":"https:\/\/www.eurovanne.fi\/vanteet\/wp-json\/wp\/v2\/product\/845642","targetHints":{"allow":["GET"]}}],"collection":[{"href":"https:\/\/www.eurovanne.fi\/vanteet\/wp-json\/wp\/v2\/product"}],"about":[{"href":"https:\/\/www.eurovanne.fi\/vanteet\/wp-json\/wp\/v2\/types\/product"}],"replies":[{"embeddable":true,"href":"https:\/\/www.eurovanne.fi\/vanteet\/wp-json\/wp\/v2\/comments?post=845642"}],"wp:featuredmedia":[{"embeddable":true,"href":"https:\/\/www.eurovanne.fi\/vanteet\/wp-json\/wp\/v2\/media\/284045"}],"wp:attachment":[{"href":"https:\/\/www.eurovanne.fi\/vanteet\/wp-json\/wp\/v2\/media?parent=845642"}],"wp:term":[{"taxonomy":"product_brand","embeddable":true,"href":"https:\/\/www.eurovanne.fi\/vanteet\/wp-json\/wp\/v2\/product_brand?post=845642"},{"taxonomy":"product_cat","embeddable":true,"href":"https:\/\/www.eurovanne.fi\/vanteet\/wp-json\/wp\/v2\/product_cat?post=845642"},{"taxonomy":"product_tag","embeddable":true,"href":"https:\/\/www.eurovanne.fi\/vanteet\/wp-json\/wp\/v2\/product_tag?post=845642"}],"curies":[{"name":"wp","href":"https:\/\/api.w.org\/{rel}","templated":true}]}}