{"id":851418,"date":"2026-04-17T04:26:13","date_gmt":"2026-04-17T01:26:13","guid":{"rendered":"https:\/\/www.eurovanne.fi\/vanteet\/verkkokauppa\/hankook-winter-ipike-lv-rw15-225-55-17c-r\/"},"modified":"2026-05-08T04:07:00","modified_gmt":"2026-05-08T01:07:00","slug":"hankook-winter-ipike-lv-rw15-225-55-17c-r","status":"publish","type":"product","link":"https:\/\/www.eurovanne.fi\/vanteet\/verkkokauppa\/hankook-winter-ipike-lv-rw15-225-55-17c-r\/","title":{"rendered":"Hankook Winter I*pike Lv Rw15 225\/55-17C R"},"content":{"rendered":"<p>Merkki: Hankook<br \/>\nMalli: Winter I*pike Lv Rw15<br \/>\nKoko: 225\/55-17C = 225\/55R17C<br \/>\nNopeusluokka: R<br \/>\nLoad Index (LI): 109\/107<br \/>\nTyyppi: Pakettiauto<br \/>\nTalvirengas<br \/>\nNasta: Kyll\u00e4<\/p>\n<p>TOIMITUSAIKA: 5-7 P\u00c4IV\u00c4\u00c4<\/p>\n<p>3PMSF-merkint&auml;: Kyll&auml;<br \/>J&auml;&auml;pitomerkint&auml;: Kyll&auml;<\/p>\n<div class=\"eurengas-container\"><\/div>\n","protected":false},"excerpt":{"rendered":"<p>Merkki: Hankook Malli: Winter I*pike Lv Rw15 Koko: 225\/55-17C = 225\/55R17C Nopeusluokka: R Load Index (LI): 109\/107 Tyyppi: Pakettiauto Talvirengas Nasta: Kyll\u00e4 TOIMITUSAIKA: 5-7 P\u00c4IV\u00c4\u00c4 3PMSF-merkint&auml;: Kyll&auml;J&auml;&auml;pitomerkint&auml;: Kyll&auml;<\/p>\n","protected":false},"featured_media":851419,"comment_status":"closed","ping_status":"closed","template":"","meta":[],"product_brand":[],"product_cat":[8707,1147,1043,1302],"product_tag":[],"class_list":{"0":"post-851418","1":"product","2":"type-product","3":"status-publish","4":"has-post-thumbnail","6":"product_cat-225-55-17c-talvi-pakettiauto","7":"product_cat-pakettiauto","8":"product_cat-renkaat","9":"product_cat-talvi-pakettiauto","11":"first","12":"instock","13":"sale","14":"taxable","15":"shipping-taxable","16":"purchasable","17":"product-type-simple"},"aioseo_notices":[],"_links":{"self":[{"href":"https:\/\/www.eurovanne.fi\/vanteet\/wp-json\/wp\/v2\/product\/851418","targetHints":{"allow":["GET"]}}],"collection":[{"href":"https:\/\/www.eurovanne.fi\/vanteet\/wp-json\/wp\/v2\/product"}],"about":[{"href":"https:\/\/www.eurovanne.fi\/vanteet\/wp-json\/wp\/v2\/types\/product"}],"replies":[{"embeddable":true,"href":"https:\/\/www.eurovanne.fi\/vanteet\/wp-json\/wp\/v2\/comments?post=851418"}],"wp:featuredmedia":[{"embeddable":true,"href":"https:\/\/www.eurovanne.fi\/vanteet\/wp-json\/wp\/v2\/media\/851419"}],"wp:attachment":[{"href":"https:\/\/www.eurovanne.fi\/vanteet\/wp-json\/wp\/v2\/media?parent=851418"}],"wp:term":[{"taxonomy":"product_brand","embeddable":true,"href":"https:\/\/www.eurovanne.fi\/vanteet\/wp-json\/wp\/v2\/product_brand?post=851418"},{"taxonomy":"product_cat","embeddable":true,"href":"https:\/\/www.eurovanne.fi\/vanteet\/wp-json\/wp\/v2\/product_cat?post=851418"},{"taxonomy":"product_tag","embeddable":true,"href":"https:\/\/www.eurovanne.fi\/vanteet\/wp-json\/wp\/v2\/product_tag?post=851418"}],"curies":[{"name":"wp","href":"https:\/\/api.w.org\/{rel}","templated":true}]}}