{"id":851579,"date":"2026-04-17T04:39:54","date_gmt":"2026-04-17T01:39:54","guid":{"rendered":"https:\/\/www.eurovanne.fi\/vanteet\/verkkokauppa\/continental-premiumcontact-7-275-45-20-y-2\/"},"modified":"2026-04-30T04:06:57","modified_gmt":"2026-04-30T01:06:57","slug":"continental-premiumcontact-7-275-45-20-y-2","status":"publish","type":"product","link":"https:\/\/www.eurovanne.fi\/vanteet\/verkkokauppa\/continental-premiumcontact-7-275-45-20-y-2\/","title":{"rendered":"Continental Premiumcontact 7 275\/45-20 Y"},"content":{"rendered":"<p>Merkki: Continental<br \/>\nMalli: Premiumcontact 7<br \/>\nKoko: 275\/45-20 = 275\/45R20<br \/>\nNopeusluokka: Y<br \/>\nLoad Index (LI): 110<br \/>\nTyyppi: Henkil\u00f6auto<br \/>\nKes\u00e4rengas<br \/>\nNasta: Ei<\/p>\n<p>TOIMITUSAIKA: 5-7 P\u00c4IV\u00c4\u00c4<\/p>\n<div class=\"eurengas-container\"><\/div>\n","protected":false},"excerpt":{"rendered":"<p>Merkki: Continental Malli: Premiumcontact 7 Koko: 275\/45-20 = 275\/45R20 Nopeusluokka: Y Load Index (LI): 110 Tyyppi: Henkil\u00f6auto Kes\u00e4rengas Nasta: Ei TOIMITUSAIKA: 5-7 P\u00c4IV\u00c4\u00c4<\/p>\n","protected":false},"featured_media":514044,"comment_status":"closed","ping_status":"closed","template":"","meta":[],"product_brand":[],"product_cat":[1145,1051,1074,1043],"product_tag":[],"class_list":{"0":"post-851579","1":"product","2":"type-product","3":"status-publish","4":"has-post-thumbnail","6":"product_cat-27545-20","7":"product_cat-henkiloauto","8":"product_cat-kesa-henkiloauto","9":"product_cat-renkaat","11":"first","12":"instock","13":"sale","14":"taxable","15":"shipping-taxable","16":"purchasable","17":"product-type-simple"},"aioseo_notices":[],"_links":{"self":[{"href":"https:\/\/www.eurovanne.fi\/vanteet\/wp-json\/wp\/v2\/product\/851579","targetHints":{"allow":["GET"]}}],"collection":[{"href":"https:\/\/www.eurovanne.fi\/vanteet\/wp-json\/wp\/v2\/product"}],"about":[{"href":"https:\/\/www.eurovanne.fi\/vanteet\/wp-json\/wp\/v2\/types\/product"}],"replies":[{"embeddable":true,"href":"https:\/\/www.eurovanne.fi\/vanteet\/wp-json\/wp\/v2\/comments?post=851579"}],"wp:featuredmedia":[{"embeddable":true,"href":"https:\/\/www.eurovanne.fi\/vanteet\/wp-json\/wp\/v2\/media\/514044"}],"wp:attachment":[{"href":"https:\/\/www.eurovanne.fi\/vanteet\/wp-json\/wp\/v2\/media?parent=851579"}],"wp:term":[{"taxonomy":"product_brand","embeddable":true,"href":"https:\/\/www.eurovanne.fi\/vanteet\/wp-json\/wp\/v2\/product_brand?post=851579"},{"taxonomy":"product_cat","embeddable":true,"href":"https:\/\/www.eurovanne.fi\/vanteet\/wp-json\/wp\/v2\/product_cat?post=851579"},{"taxonomy":"product_tag","embeddable":true,"href":"https:\/\/www.eurovanne.fi\/vanteet\/wp-json\/wp\/v2\/product_tag?post=851579"}],"curies":[{"name":"wp","href":"https:\/\/api.w.org\/{rel}","templated":true}]}}