{"id":851835,"date":"2026-04-17T05:09:10","date_gmt":"2026-04-17T02:09:10","guid":{"rendered":"https:\/\/www.eurovanne.fi\/vanteet\/verkkokauppa\/hankook-kinergy-eco2-k435-205-60-16-h\/"},"modified":"2026-04-17T05:09:19","modified_gmt":"2026-04-17T02:09:19","slug":"hankook-kinergy-eco2-k435-205-60-16-h","status":"publish","type":"product","link":"https:\/\/www.eurovanne.fi\/vanteet\/verkkokauppa\/hankook-kinergy-eco2-k435-205-60-16-h\/","title":{"rendered":"Hankook Kinergy Eco2 K435 205\/60-16 H"},"content":{"rendered":"<p>Merkki: Hankook<br \/>\nMalli: Kinergy Eco2 K435<br \/>\nKoko: 205\/60-16 = 205\/60R16<br \/>\nNopeusluokka: H<br \/>\nLoad Index (LI): 92<br \/>\nTyyppi: Henkil\u00f6auto<br \/>\nKes\u00e4rengas<br \/>\nNasta: Ei<\/p>\n<p>TOIMITUSAIKA: 5-7 P\u00c4IV\u00c4\u00c4<\/p>\n<div class=\"eurengas-container\"><\/div>\n","protected":false},"excerpt":{"rendered":"<p>Merkki: Hankook Malli: Kinergy Eco2 K435 Koko: 205\/60-16 = 205\/60R16 Nopeusluokka: H Load Index (LI): 92 Tyyppi: Henkil\u00f6auto Kes\u00e4rengas Nasta: Ei TOIMITUSAIKA: 5-7 P\u00c4IV\u00c4\u00c4<\/p>\n","protected":false},"featured_media":285372,"comment_status":"closed","ping_status":"closed","template":"","meta":[],"product_brand":[],"product_cat":[1131,1051,1074,1043],"product_tag":[],"class_list":{"0":"post-851835","1":"product","2":"type-product","3":"status-publish","4":"has-post-thumbnail","6":"product_cat-20560-16-kesa-henkiloauto","7":"product_cat-henkiloauto","8":"product_cat-kesa-henkiloauto","9":"product_cat-renkaat","11":"first","12":"instock","13":"sale","14":"taxable","15":"shipping-taxable","16":"purchasable","17":"product-type-simple"},"aioseo_notices":[],"_links":{"self":[{"href":"https:\/\/www.eurovanne.fi\/vanteet\/wp-json\/wp\/v2\/product\/851835","targetHints":{"allow":["GET"]}}],"collection":[{"href":"https:\/\/www.eurovanne.fi\/vanteet\/wp-json\/wp\/v2\/product"}],"about":[{"href":"https:\/\/www.eurovanne.fi\/vanteet\/wp-json\/wp\/v2\/types\/product"}],"replies":[{"embeddable":true,"href":"https:\/\/www.eurovanne.fi\/vanteet\/wp-json\/wp\/v2\/comments?post=851835"}],"wp:featuredmedia":[{"embeddable":true,"href":"https:\/\/www.eurovanne.fi\/vanteet\/wp-json\/wp\/v2\/media\/285372"}],"wp:attachment":[{"href":"https:\/\/www.eurovanne.fi\/vanteet\/wp-json\/wp\/v2\/media?parent=851835"}],"wp:term":[{"taxonomy":"product_brand","embeddable":true,"href":"https:\/\/www.eurovanne.fi\/vanteet\/wp-json\/wp\/v2\/product_brand?post=851835"},{"taxonomy":"product_cat","embeddable":true,"href":"https:\/\/www.eurovanne.fi\/vanteet\/wp-json\/wp\/v2\/product_cat?post=851835"},{"taxonomy":"product_tag","embeddable":true,"href":"https:\/\/www.eurovanne.fi\/vanteet\/wp-json\/wp\/v2\/product_tag?post=851835"}],"curies":[{"name":"wp","href":"https:\/\/api.w.org\/{rel}","templated":true}]}}