{"id":852087,"date":"2026-04-17T05:16:20","date_gmt":"2026-04-17T02:16:20","guid":{"rendered":"https:\/\/www.eurovanne.fi\/vanteet\/verkkokauppa\/nexen-winguard-wt1-235-65-16-r\/"},"modified":"2026-04-17T05:16:28","modified_gmt":"2026-04-17T02:16:28","slug":"nexen-winguard-wt1-235-65-16-r","status":"publish","type":"product","link":"https:\/\/www.eurovanne.fi\/vanteet\/verkkokauppa\/nexen-winguard-wt1-235-65-16-r\/","title":{"rendered":"Nexen Winguard Wt1 235\/65-16 R"},"content":{"rendered":"<p>Merkki: Nexen<br \/>\nMalli: Winguard Wt1<br \/>\nKoko: 235\/65-16 = 235\/65R16<br \/>\nNopeusluokka: R<br \/>\nLoad Index (LI): 115\/113<br \/>\nTyyppi: Pakettiauto<br \/>\nTalvirengas<br \/>\nNasta: Ei<\/p>\n<p>TOIMITUSAIKA: 5-7 P\u00c4IV\u00c4\u00c4<\/p>\n<p>3PMSF-merkint&auml;: Kyll&auml;<\/p>\n<div class=\"eurengas-container\"><\/div>\n","protected":false},"excerpt":{"rendered":"<p>Merkki: Nexen Malli: Winguard Wt1 Koko: 235\/65-16 = 235\/65R16 Nopeusluokka: R Load Index (LI): 115\/113 Tyyppi: Pakettiauto Talvirengas Nasta: Ei TOIMITUSAIKA: 5-7 P\u00c4IV\u00c4\u00c4 3PMSF-merkint&auml;: Kyll&auml;<\/p>\n","protected":false},"featured_media":313239,"comment_status":"closed","ping_status":"closed","template":"","meta":[],"product_brand":[],"product_cat":[7069,1147,1043,1302],"product_tag":[],"class_list":{"0":"post-852087","1":"product","2":"type-product","3":"status-publish","4":"has-post-thumbnail","6":"product_cat-235-65-16","7":"product_cat-pakettiauto","8":"product_cat-renkaat","9":"product_cat-talvi-pakettiauto","11":"first","12":"instock","13":"sale","14":"taxable","15":"shipping-taxable","16":"purchasable","17":"product-type-simple"},"aioseo_notices":[],"_links":{"self":[{"href":"https:\/\/www.eurovanne.fi\/vanteet\/wp-json\/wp\/v2\/product\/852087","targetHints":{"allow":["GET"]}}],"collection":[{"href":"https:\/\/www.eurovanne.fi\/vanteet\/wp-json\/wp\/v2\/product"}],"about":[{"href":"https:\/\/www.eurovanne.fi\/vanteet\/wp-json\/wp\/v2\/types\/product"}],"replies":[{"embeddable":true,"href":"https:\/\/www.eurovanne.fi\/vanteet\/wp-json\/wp\/v2\/comments?post=852087"}],"wp:featuredmedia":[{"embeddable":true,"href":"https:\/\/www.eurovanne.fi\/vanteet\/wp-json\/wp\/v2\/media\/313239"}],"wp:attachment":[{"href":"https:\/\/www.eurovanne.fi\/vanteet\/wp-json\/wp\/v2\/media?parent=852087"}],"wp:term":[{"taxonomy":"product_brand","embeddable":true,"href":"https:\/\/www.eurovanne.fi\/vanteet\/wp-json\/wp\/v2\/product_brand?post=852087"},{"taxonomy":"product_cat","embeddable":true,"href":"https:\/\/www.eurovanne.fi\/vanteet\/wp-json\/wp\/v2\/product_cat?post=852087"},{"taxonomy":"product_tag","embeddable":true,"href":"https:\/\/www.eurovanne.fi\/vanteet\/wp-json\/wp\/v2\/product_tag?post=852087"}],"curies":[{"name":"wp","href":"https:\/\/api.w.org\/{rel}","templated":true}]}}