{"id":852305,"date":"2026-04-17T05:20:59","date_gmt":"2026-04-17T02:20:59","guid":{"rendered":"https:\/\/www.eurovanne.fi\/vanteet\/verkkokauppa\/nexen-winguard-ice-3-215-55-18-t\/"},"modified":"2026-04-17T05:21:11","modified_gmt":"2026-04-17T02:21:11","slug":"nexen-winguard-ice-3-215-55-18-t","status":"publish","type":"product","link":"https:\/\/www.eurovanne.fi\/vanteet\/verkkokauppa\/nexen-winguard-ice-3-215-55-18-t\/","title":{"rendered":"Nexen Winguard Ice 3 215\/55-18 T"},"content":{"rendered":"<p>Merkki: Nexen<br \/>\nMalli: Winguard Ice 3<br \/>\nKoko: 215\/55-18 = 215\/55R18<br \/>\nNopeusluokka: T<br \/>\nLoad Index (LI): 95<br \/>\nTyyppi: 4&#215;4<br \/>\nTalvirengas<br \/>\nNasta: Ei<\/p>\n<p>TOIMITUSAIKA: 5-7 P\u00c4IV\u00c4\u00c4<\/p>\n<div class=\"eurengas-container\"><\/div>\n","protected":false},"excerpt":{"rendered":"<p>Merkki: Nexen Malli: Winguard Ice 3 Koko: 215\/55-18 = 215\/55R18 Nopeusluokka: T Load Index (LI): 95 Tyyppi: 4&#215;4 Talvirengas Nasta: Ei TOIMITUSAIKA: 5-7 P\u00c4IV\u00c4\u00c4<\/p>\n","protected":false},"featured_media":852274,"comment_status":"closed","ping_status":"closed","template":"","meta":[],"product_brand":[],"product_cat":[8800,1071,1043,1072],"product_tag":[],"class_list":{"0":"post-852305","1":"product","2":"type-product","3":"status-publish","4":"has-post-thumbnail","6":"product_cat-215-55-18-talvi-4x4","7":"product_cat-4x4","8":"product_cat-renkaat","9":"product_cat-talvi-4x4","11":"first","12":"instock","13":"sale","14":"taxable","15":"shipping-taxable","16":"purchasable","17":"product-type-simple"},"aioseo_notices":[],"_links":{"self":[{"href":"https:\/\/www.eurovanne.fi\/vanteet\/wp-json\/wp\/v2\/product\/852305","targetHints":{"allow":["GET"]}}],"collection":[{"href":"https:\/\/www.eurovanne.fi\/vanteet\/wp-json\/wp\/v2\/product"}],"about":[{"href":"https:\/\/www.eurovanne.fi\/vanteet\/wp-json\/wp\/v2\/types\/product"}],"replies":[{"embeddable":true,"href":"https:\/\/www.eurovanne.fi\/vanteet\/wp-json\/wp\/v2\/comments?post=852305"}],"wp:featuredmedia":[{"embeddable":true,"href":"https:\/\/www.eurovanne.fi\/vanteet\/wp-json\/wp\/v2\/media\/852274"}],"wp:attachment":[{"href":"https:\/\/www.eurovanne.fi\/vanteet\/wp-json\/wp\/v2\/media?parent=852305"}],"wp:term":[{"taxonomy":"product_brand","embeddable":true,"href":"https:\/\/www.eurovanne.fi\/vanteet\/wp-json\/wp\/v2\/product_brand?post=852305"},{"taxonomy":"product_cat","embeddable":true,"href":"https:\/\/www.eurovanne.fi\/vanteet\/wp-json\/wp\/v2\/product_cat?post=852305"},{"taxonomy":"product_tag","embeddable":true,"href":"https:\/\/www.eurovanne.fi\/vanteet\/wp-json\/wp\/v2\/product_tag?post=852305"}],"curies":[{"name":"wp","href":"https:\/\/api.w.org\/{rel}","templated":true}]}}