{"id":853347,"date":"2026-04-22T04:01:35","date_gmt":"2026-04-22T01:01:35","guid":{"rendered":"https:\/\/www.eurovanne.fi\/vanteet\/verkkokauppa\/sailun-atrezzo-4seasons-pro-235-60-18-w\/"},"modified":"2026-04-22T04:01:43","modified_gmt":"2026-04-22T01:01:43","slug":"sailun-atrezzo-4seasons-pro-235-60-18-w","status":"publish","type":"product","link":"https:\/\/www.eurovanne.fi\/vanteet\/verkkokauppa\/sailun-atrezzo-4seasons-pro-235-60-18-w\/","title":{"rendered":"Sailun Atrezzo 4seasons Pro 235\/60-18 W"},"content":{"rendered":"<p>Merkki: Sailun<br \/>\nMalli: Atrezzo 4seasons Pro<br \/>\nKoko: 235\/60-18 = 235\/60R18<br \/>\nNopeusluokka: W<br \/>\nLoad Index (LI): 107 XL<br \/>\nTyyppi: 4&#215;4<br \/>\nAastaringnerengas<br \/>\nNasta: Ei<\/p>\n<p>TOIMITUSAIKA: 5-7 P\u00c4IV\u00c4\u00c4<\/p>\n<p>3PMSF-merkint&auml;: Kyll&auml;<\/p>\n<div class=\"eurengas-container\"><\/div>\n","protected":false},"excerpt":{"rendered":"<p>Merkki: Sailun Malli: Atrezzo 4seasons Pro Koko: 235\/60-18 = 235\/60R18 Nopeusluokka: W Load Index (LI): 107 XL Tyyppi: 4&#215;4 Aastaringnerengas Nasta: Ei TOIMITUSAIKA: 5-7 P\u00c4IV\u00c4\u00c4 3PMSF-merkint&auml;: Kyll&auml;<\/p>\n","protected":false},"featured_media":529105,"comment_status":"closed","ping_status":"closed","template":"","meta":[],"product_brand":[],"product_cat":[8545,1071,5213,1043],"product_tag":[],"class_list":{"0":"post-853347","1":"product","2":"type-product","3":"status-publish","4":"has-post-thumbnail","6":"product_cat-235-60-18-aastaringne-4x4","7":"product_cat-4x4","8":"product_cat-aastaringne-4x4","9":"product_cat-renkaat","11":"first","12":"instock","13":"sale","14":"taxable","15":"shipping-taxable","16":"purchasable","17":"product-type-simple"},"aioseo_notices":[],"_links":{"self":[{"href":"https:\/\/www.eurovanne.fi\/vanteet\/wp-json\/wp\/v2\/product\/853347","targetHints":{"allow":["GET"]}}],"collection":[{"href":"https:\/\/www.eurovanne.fi\/vanteet\/wp-json\/wp\/v2\/product"}],"about":[{"href":"https:\/\/www.eurovanne.fi\/vanteet\/wp-json\/wp\/v2\/types\/product"}],"replies":[{"embeddable":true,"href":"https:\/\/www.eurovanne.fi\/vanteet\/wp-json\/wp\/v2\/comments?post=853347"}],"wp:featuredmedia":[{"embeddable":true,"href":"https:\/\/www.eurovanne.fi\/vanteet\/wp-json\/wp\/v2\/media\/529105"}],"wp:attachment":[{"href":"https:\/\/www.eurovanne.fi\/vanteet\/wp-json\/wp\/v2\/media?parent=853347"}],"wp:term":[{"taxonomy":"product_brand","embeddable":true,"href":"https:\/\/www.eurovanne.fi\/vanteet\/wp-json\/wp\/v2\/product_brand?post=853347"},{"taxonomy":"product_cat","embeddable":true,"href":"https:\/\/www.eurovanne.fi\/vanteet\/wp-json\/wp\/v2\/product_cat?post=853347"},{"taxonomy":"product_tag","embeddable":true,"href":"https:\/\/www.eurovanne.fi\/vanteet\/wp-json\/wp\/v2\/product_tag?post=853347"}],"curies":[{"name":"wp","href":"https:\/\/api.w.org\/{rel}","templated":true}]}}