{"id":853392,"date":"2026-04-22T04:08:02","date_gmt":"2026-04-22T01:08:02","guid":{"rendered":"https:\/\/www.eurovanne.fi\/vanteet\/verkkokauppa\/goodyear-ultra-grip-arctic-2-dot2023-205-55-16-t\/"},"modified":"2026-05-12T04:05:40","modified_gmt":"2026-05-12T01:05:40","slug":"goodyear-ultra-grip-arctic-2-dot2023-205-55-16-t","status":"publish","type":"product","link":"https:\/\/www.eurovanne.fi\/vanteet\/verkkokauppa\/goodyear-ultra-grip-arctic-2-dot2023-205-55-16-t\/","title":{"rendered":"Goodyear Ultra Grip Arctic 2 DOT2023 205\/55-16 T"},"content":{"rendered":"<p>Merkki: Goodyear<br \/>\nMalli: Ultra Grip Arctic 2 DOT2023<br \/>\nKoko: 205\/55-16 = 205\/55R16<br \/>\nNopeusluokka: T<br \/>\nLoad Index (LI): 94 XL<br \/>\nTyyppi: Henkil\u00f6auto<br \/>\nTalvirengas<br \/>\nNasta: Kyll\u00e4<\/p>\n<p>TOIMITUSAIKA: 5-7 P\u00c4IV\u00c4\u00c4<\/p>\n<p>3PMSF-merkint&auml;: Kyll&auml;<br \/>J&auml;&auml;pitomerkint&auml;: Kyll&auml;<\/p>\n<div class=\"eurengas-container\"><\/div>\n","protected":false},"excerpt":{"rendered":"<p>Merkki: Goodyear Malli: Ultra Grip Arctic 2 DOT2023 Koko: 205\/55-16 = 205\/55R16 Nopeusluokka: T Load Index (LI): 94 XL Tyyppi: Henkil\u00f6auto Talvirengas Nasta: Kyll\u00e4 TOIMITUSAIKA: 5-7 P\u00c4IV\u00c4\u00c4 3PMSF-merkint&auml;: Kyll&auml;J&auml;&auml;pitomerkint&auml;: Kyll&auml;<\/p>\n","protected":false},"featured_media":0,"comment_status":"closed","ping_status":"closed","template":"","meta":[],"product_brand":[],"product_cat":[1058,1051,1043,1052],"product_tag":[],"class_list":{"0":"post-853392","1":"product","2":"type-product","3":"status-publish","5":"product_cat-20555-16","6":"product_cat-henkiloauto","7":"product_cat-renkaat","8":"product_cat-talvi","10":"first","11":"instock","12":"sale","13":"taxable","14":"shipping-taxable","15":"purchasable","16":"product-type-simple"},"aioseo_notices":[],"_links":{"self":[{"href":"https:\/\/www.eurovanne.fi\/vanteet\/wp-json\/wp\/v2\/product\/853392","targetHints":{"allow":["GET"]}}],"collection":[{"href":"https:\/\/www.eurovanne.fi\/vanteet\/wp-json\/wp\/v2\/product"}],"about":[{"href":"https:\/\/www.eurovanne.fi\/vanteet\/wp-json\/wp\/v2\/types\/product"}],"replies":[{"embeddable":true,"href":"https:\/\/www.eurovanne.fi\/vanteet\/wp-json\/wp\/v2\/comments?post=853392"}],"wp:attachment":[{"href":"https:\/\/www.eurovanne.fi\/vanteet\/wp-json\/wp\/v2\/media?parent=853392"}],"wp:term":[{"taxonomy":"product_brand","embeddable":true,"href":"https:\/\/www.eurovanne.fi\/vanteet\/wp-json\/wp\/v2\/product_brand?post=853392"},{"taxonomy":"product_cat","embeddable":true,"href":"https:\/\/www.eurovanne.fi\/vanteet\/wp-json\/wp\/v2\/product_cat?post=853392"},{"taxonomy":"product_tag","embeddable":true,"href":"https:\/\/www.eurovanne.fi\/vanteet\/wp-json\/wp\/v2\/product_tag?post=853392"}],"curies":[{"name":"wp","href":"https:\/\/api.w.org\/{rel}","templated":true}]}}