{"id":853490,"date":"2026-04-23T04:02:45","date_gmt":"2026-04-23T01:02:45","guid":{"rendered":"https:\/\/www.eurovanne.fi\/vanteet\/verkkokauppa\/laufenn-x-fit-van-225-65-16-r\/"},"modified":"2026-04-23T04:03:01","modified_gmt":"2026-04-23T01:03:01","slug":"laufenn-x-fit-van-225-65-16-r","status":"publish","type":"product","link":"https:\/\/www.eurovanne.fi\/vanteet\/verkkokauppa\/laufenn-x-fit-van-225-65-16-r\/","title":{"rendered":"Laufenn X Fit VAN 225\/65-16 R"},"content":{"rendered":"<p>Merkki: Laufenn<br \/>\nMalli: X Fit VAN<br \/>\nKoko: 225\/65-16 = 225\/65R16<br \/>\nNopeusluokka: R<br \/>\nLoad Index (LI): 112\/110<br \/>\nTyyppi: Pakettiauto<br \/>\nKes\u00e4rengas<br \/>\nNasta: Ei<\/p>\n<p>TOIMITUSAIKA: 5-7 P\u00c4IV\u00c4\u00c4<\/p>\n<div class=\"eurengas-container\"><\/div>\n","protected":false},"excerpt":{"rendered":"<p>Merkki: Laufenn Malli: X Fit VAN Koko: 225\/65-16 = 225\/65R16 Nopeusluokka: R Load Index (LI): 112\/110 Tyyppi: Pakettiauto Kes\u00e4rengas Nasta: Ei TOIMITUSAIKA: 5-7 P\u00c4IV\u00c4\u00c4<\/p>\n","protected":false},"featured_media":754937,"comment_status":"closed","ping_status":"closed","template":"","meta":[],"product_brand":[],"product_cat":[8329,1148,1147,1043],"product_tag":[],"class_list":{"0":"post-853490","1":"product","2":"type-product","3":"status-publish","4":"has-post-thumbnail","6":"product_cat-225-65-16-kesa-pakettiauto","7":"product_cat-kesa-pakettiauto","8":"product_cat-pakettiauto","9":"product_cat-renkaat","11":"first","12":"instock","13":"sale","14":"taxable","15":"shipping-taxable","16":"purchasable","17":"product-type-simple"},"aioseo_notices":[],"_links":{"self":[{"href":"https:\/\/www.eurovanne.fi\/vanteet\/wp-json\/wp\/v2\/product\/853490","targetHints":{"allow":["GET"]}}],"collection":[{"href":"https:\/\/www.eurovanne.fi\/vanteet\/wp-json\/wp\/v2\/product"}],"about":[{"href":"https:\/\/www.eurovanne.fi\/vanteet\/wp-json\/wp\/v2\/types\/product"}],"replies":[{"embeddable":true,"href":"https:\/\/www.eurovanne.fi\/vanteet\/wp-json\/wp\/v2\/comments?post=853490"}],"wp:featuredmedia":[{"embeddable":true,"href":"https:\/\/www.eurovanne.fi\/vanteet\/wp-json\/wp\/v2\/media\/754937"}],"wp:attachment":[{"href":"https:\/\/www.eurovanne.fi\/vanteet\/wp-json\/wp\/v2\/media?parent=853490"}],"wp:term":[{"taxonomy":"product_brand","embeddable":true,"href":"https:\/\/www.eurovanne.fi\/vanteet\/wp-json\/wp\/v2\/product_brand?post=853490"},{"taxonomy":"product_cat","embeddable":true,"href":"https:\/\/www.eurovanne.fi\/vanteet\/wp-json\/wp\/v2\/product_cat?post=853490"},{"taxonomy":"product_tag","embeddable":true,"href":"https:\/\/www.eurovanne.fi\/vanteet\/wp-json\/wp\/v2\/product_tag?post=853490"}],"curies":[{"name":"wp","href":"https:\/\/api.w.org\/{rel}","templated":true}]}}