{"id":853523,"date":"2026-04-23T04:06:57","date_gmt":"2026-04-23T01:06:57","guid":{"rendered":"https:\/\/www.eurovanne.fi\/vanteet\/verkkokauppa\/toyo-observe-g3-ice-dot18-245-55-19-t\/"},"modified":"2026-04-23T04:07:05","modified_gmt":"2026-04-23T01:07:05","slug":"toyo-observe-g3-ice-dot18-245-55-19-t","status":"publish","type":"product","link":"https:\/\/www.eurovanne.fi\/vanteet\/verkkokauppa\/toyo-observe-g3-ice-dot18-245-55-19-t\/","title":{"rendered":"Toyo Observe G3 Ice DOT18 245\/55-19 T"},"content":{"rendered":"<p>Merkki: Toyo<br \/>\nMalli: Observe G3 Ice DOT18<br \/>\nKoko: 245\/55-19 = 245\/55R19<br \/>\nNopeusluokka: T<br \/>\nLoad Index (LI): 103<br \/>\nTyyppi: 4&#215;4<br \/>\nTalvirengas<br \/>\nNasta: Kyll\u00e4<\/p>\n<p>TOIMITUSAIKA: 5-7 P\u00c4IV\u00c4\u00c4<\/p>\n<p>3PMSF-merkint&auml;: Kyll&auml;<br \/>J&auml;&auml;pitomerkint&auml;: Kyll&auml;<\/p>\n<div class=\"eurengas-container\"><\/div>\n","protected":false},"excerpt":{"rendered":"<p>Merkki: Toyo Malli: Observe G3 Ice DOT18 Koko: 245\/55-19 = 245\/55R19 Nopeusluokka: T Load Index (LI): 103 Tyyppi: 4&#215;4 Talvirengas Nasta: Kyll\u00e4 TOIMITUSAIKA: 5-7 P\u00c4IV\u00c4\u00c4 3PMSF-merkint&auml;: Kyll&auml;J&auml;&auml;pitomerkint&auml;: Kyll&auml;<\/p>\n","protected":false},"featured_media":0,"comment_status":"closed","ping_status":"closed","template":"","meta":[],"product_brand":[],"product_cat":[7306,1071,1043,1072],"product_tag":[],"class_list":{"0":"post-853523","1":"product","2":"type-product","3":"status-publish","5":"product_cat-245-55-19","6":"product_cat-4x4","7":"product_cat-renkaat","8":"product_cat-talvi-4x4","10":"first","11":"instock","12":"sale","13":"taxable","14":"shipping-taxable","15":"purchasable","16":"product-type-simple"},"aioseo_notices":[],"_links":{"self":[{"href":"https:\/\/www.eurovanne.fi\/vanteet\/wp-json\/wp\/v2\/product\/853523","targetHints":{"allow":["GET"]}}],"collection":[{"href":"https:\/\/www.eurovanne.fi\/vanteet\/wp-json\/wp\/v2\/product"}],"about":[{"href":"https:\/\/www.eurovanne.fi\/vanteet\/wp-json\/wp\/v2\/types\/product"}],"replies":[{"embeddable":true,"href":"https:\/\/www.eurovanne.fi\/vanteet\/wp-json\/wp\/v2\/comments?post=853523"}],"wp:attachment":[{"href":"https:\/\/www.eurovanne.fi\/vanteet\/wp-json\/wp\/v2\/media?parent=853523"}],"wp:term":[{"taxonomy":"product_brand","embeddable":true,"href":"https:\/\/www.eurovanne.fi\/vanteet\/wp-json\/wp\/v2\/product_brand?post=853523"},{"taxonomy":"product_cat","embeddable":true,"href":"https:\/\/www.eurovanne.fi\/vanteet\/wp-json\/wp\/v2\/product_cat?post=853523"},{"taxonomy":"product_tag","embeddable":true,"href":"https:\/\/www.eurovanne.fi\/vanteet\/wp-json\/wp\/v2\/product_tag?post=853523"}],"curies":[{"name":"wp","href":"https:\/\/api.w.org\/{rel}","templated":true}]}}