{"id":853825,"date":"2026-04-28T04:01:05","date_gmt":"2026-04-28T01:01:05","guid":{"rendered":"https:\/\/www.eurovanne.fi\/vanteet\/verkkokauppa\/continental-vikingcontact-8-225-65-17-h\/"},"modified":"2026-04-28T04:01:11","modified_gmt":"2026-04-28T01:01:11","slug":"continental-vikingcontact-8-225-65-17-h","status":"publish","type":"product","link":"https:\/\/www.eurovanne.fi\/vanteet\/verkkokauppa\/continental-vikingcontact-8-225-65-17-h\/","title":{"rendered":"Continental VikingContact 8 225\/65-17 H"},"content":{"rendered":"<p>Merkki: Continental<br \/>\nMalli: VikingContact 8<br \/>\nKoko: 225\/65-17 = 225\/65R17<br \/>\nNopeusluokka: H<br \/>\nLoad Index (LI): 106 XL<br \/>\nTyyppi: Henkil\u00f6auto<br \/>\nTalvirengas<br \/>\nNasta: Ei<\/p>\n<p>TOIMITUSAIKA: 5-7 P\u00c4IV\u00c4\u00c4<\/p>\n<p>3PMSF-merkint&auml;: Kyll&auml;<br \/>J&auml;&auml;pitomerkint&auml;: Kyll&auml;<\/p>\n<div class=\"eurengas-container\"><img decoding=\"async\" src=\"https:\/\/eprel.ec.europa.eu\/labels\/tyres\/Label_1132821.svg\" alt=\"EU-rengasmerkinn&auml;t\" class=\"eurengas-base\" \/><\/div>\n","protected":false},"excerpt":{"rendered":"<p>Merkki: Continental Malli: VikingContact 8 Koko: 225\/65-17 = 225\/65R17 Nopeusluokka: H Load Index (LI): 106 XL Tyyppi: Henkil\u00f6auto Talvirengas Nasta: Ei TOIMITUSAIKA: 5-7 P\u00c4IV\u00c4\u00c4 3PMSF-merkint&auml;: Kyll&auml;J&auml;&auml;pitomerkint&auml;: Kyll&auml;<\/p>\n","protected":false},"featured_media":659238,"comment_status":"closed","ping_status":"closed","template":"","meta":[],"product_brand":[],"product_cat":[1223,1051,1043,1052],"product_tag":[],"class_list":{"0":"post-853825","1":"product","2":"type-product","3":"status-publish","4":"has-post-thumbnail","6":"product_cat-22565-17-talvi","7":"product_cat-henkiloauto","8":"product_cat-renkaat","9":"product_cat-talvi","11":"first","12":"instock","13":"sale","14":"taxable","15":"shipping-taxable","16":"purchasable","17":"product-type-simple"},"aioseo_notices":[],"_links":{"self":[{"href":"https:\/\/www.eurovanne.fi\/vanteet\/wp-json\/wp\/v2\/product\/853825","targetHints":{"allow":["GET"]}}],"collection":[{"href":"https:\/\/www.eurovanne.fi\/vanteet\/wp-json\/wp\/v2\/product"}],"about":[{"href":"https:\/\/www.eurovanne.fi\/vanteet\/wp-json\/wp\/v2\/types\/product"}],"replies":[{"embeddable":true,"href":"https:\/\/www.eurovanne.fi\/vanteet\/wp-json\/wp\/v2\/comments?post=853825"}],"wp:featuredmedia":[{"embeddable":true,"href":"https:\/\/www.eurovanne.fi\/vanteet\/wp-json\/wp\/v2\/media\/659238"}],"wp:attachment":[{"href":"https:\/\/www.eurovanne.fi\/vanteet\/wp-json\/wp\/v2\/media?parent=853825"}],"wp:term":[{"taxonomy":"product_brand","embeddable":true,"href":"https:\/\/www.eurovanne.fi\/vanteet\/wp-json\/wp\/v2\/product_brand?post=853825"},{"taxonomy":"product_cat","embeddable":true,"href":"https:\/\/www.eurovanne.fi\/vanteet\/wp-json\/wp\/v2\/product_cat?post=853825"},{"taxonomy":"product_tag","embeddable":true,"href":"https:\/\/www.eurovanne.fi\/vanteet\/wp-json\/wp\/v2\/product_tag?post=853825"}],"curies":[{"name":"wp","href":"https:\/\/api.w.org\/{rel}","templated":true}]}}