{"id":853985,"date":"2026-04-29T04:03:58","date_gmt":"2026-04-29T01:03:58","guid":{"rendered":"https:\/\/www.eurovanne.fi\/vanteet\/verkkokauppa\/hankook-kinergy-4s2-h750-235-50-18-v\/"},"modified":"2026-04-29T04:04:22","modified_gmt":"2026-04-29T01:04:22","slug":"hankook-kinergy-4s2-h750-235-50-18-v","status":"publish","type":"product","link":"https:\/\/www.eurovanne.fi\/vanteet\/verkkokauppa\/hankook-kinergy-4s2-h750-235-50-18-v\/","title":{"rendered":"Hankook Kinergy 4s2 H750 235\/50-18 V"},"content":{"rendered":"<p>Merkki: Hankook<br \/>\nMalli: Kinergy 4s2 H750<br \/>\nKoko: 235\/50-18 = 235\/50R18<br \/>\nNopeusluokka: V<br \/>\nLoad Index (LI): 101<br \/>\nTyyppi: Henkil\u00f6auto<br \/>\nKes\u00e4rengas<br \/>\nNasta: Ei<\/p>\n<p>TOIMITUSAIKA: 5-7 P\u00c4IV\u00c4\u00c4<\/p>\n<p>3PMSF-merkint&auml;: Kyll&auml;<\/p>\n<div class=\"eurengas-container\"><img decoding=\"async\" src=\"https:\/\/eprel.ec.europa.eu\/labels\/tyres\/Label_500178.svg\" alt=\"EU-rengasmerkinn&auml;t\" class=\"eurengas-base\" \/><\/div>\n","protected":false},"excerpt":{"rendered":"<p>Merkki: Hankook Malli: Kinergy 4s2 H750 Koko: 235\/50-18 = 235\/50R18 Nopeusluokka: V Load Index (LI): 101 Tyyppi: Henkil\u00f6auto Kes\u00e4rengas Nasta: Ei TOIMITUSAIKA: 5-7 P\u00c4IV\u00c4\u00c4 3PMSF-merkint&auml;: Kyll&auml;<\/p>\n","protected":false},"featured_media":370066,"comment_status":"closed","ping_status":"closed","template":"","meta":[],"product_brand":[],"product_cat":[1159,1051,1074,1043],"product_tag":[],"class_list":{"0":"post-853985","1":"product","2":"type-product","3":"status-publish","4":"has-post-thumbnail","6":"product_cat-23550-18","7":"product_cat-henkiloauto","8":"product_cat-kesa-henkiloauto","9":"product_cat-renkaat","11":"first","12":"instock","13":"sale","14":"taxable","15":"shipping-taxable","16":"purchasable","17":"product-type-simple"},"aioseo_notices":[],"_links":{"self":[{"href":"https:\/\/www.eurovanne.fi\/vanteet\/wp-json\/wp\/v2\/product\/853985","targetHints":{"allow":["GET"]}}],"collection":[{"href":"https:\/\/www.eurovanne.fi\/vanteet\/wp-json\/wp\/v2\/product"}],"about":[{"href":"https:\/\/www.eurovanne.fi\/vanteet\/wp-json\/wp\/v2\/types\/product"}],"replies":[{"embeddable":true,"href":"https:\/\/www.eurovanne.fi\/vanteet\/wp-json\/wp\/v2\/comments?post=853985"}],"wp:featuredmedia":[{"embeddable":true,"href":"https:\/\/www.eurovanne.fi\/vanteet\/wp-json\/wp\/v2\/media\/370066"}],"wp:attachment":[{"href":"https:\/\/www.eurovanne.fi\/vanteet\/wp-json\/wp\/v2\/media?parent=853985"}],"wp:term":[{"taxonomy":"product_brand","embeddable":true,"href":"https:\/\/www.eurovanne.fi\/vanteet\/wp-json\/wp\/v2\/product_brand?post=853985"},{"taxonomy":"product_cat","embeddable":true,"href":"https:\/\/www.eurovanne.fi\/vanteet\/wp-json\/wp\/v2\/product_cat?post=853985"},{"taxonomy":"product_tag","embeddable":true,"href":"https:\/\/www.eurovanne.fi\/vanteet\/wp-json\/wp\/v2\/product_tag?post=853985"}],"curies":[{"name":"wp","href":"https:\/\/api.w.org\/{rel}","templated":true}]}}