{"id":854161,"date":"2026-04-30T04:03:19","date_gmt":"2026-04-30T01:03:19","guid":{"rendered":"https:\/\/www.eurovanne.fi\/vanteet\/verkkokauppa\/bf-goodrich-mud-terrain-t-a-km3-265-65-17-q\/"},"modified":"2026-04-30T04:03:21","modified_gmt":"2026-04-30T01:03:21","slug":"bf-goodrich-mud-terrain-t-a-km3-265-65-17-q","status":"publish","type":"product","link":"https:\/\/www.eurovanne.fi\/vanteet\/verkkokauppa\/bf-goodrich-mud-terrain-t-a-km3-265-65-17-q\/","title":{"rendered":"Bf Goodrich Mud Terrain T\/a Km3 265\/65-17 Q"},"content":{"rendered":"<p>Merkki: Bf Goodrich<br \/>\nMalli: Mud Terrain T\/a Km3<br \/>\nKoko: 265\/65-17 = 265\/65R17<br \/>\nNopeusluokka: Q<br \/>\nLoad Index (LI): 120\/117<br \/>\nTyyppi: Henkil\u00f6auto<br \/>\nKes\u00e4rengas<br \/>\nNasta: Ei<\/p>\n<p>TOIMITUSAIKA: 5-7 P\u00c4IV\u00c4\u00c4<\/p>\n<p>3PMSF-merkint&auml;: Kyll&auml;<br \/>J&auml;&auml;pitomerkint&auml;: Kyll&auml;<\/p>\n<div class=\"eurengas-container\"><\/div>\n","protected":false},"excerpt":{"rendered":"<p>Merkki: Bf Goodrich Malli: Mud Terrain T\/a Km3 Koko: 265\/65-17 = 265\/65R17 Nopeusluokka: Q Load Index (LI): 120\/117 Tyyppi: Henkil\u00f6auto Kes\u00e4rengas Nasta: Ei TOIMITUSAIKA: 5-7 P\u00c4IV\u00c4\u00c4 3PMSF-merkint&auml;: Kyll&auml;J&auml;&auml;pitomerkint&auml;: Kyll&auml;<\/p>\n","protected":false},"featured_media":378951,"comment_status":"closed","ping_status":"closed","template":"","meta":[],"product_brand":[],"product_cat":[5915,1051,1074,1043],"product_tag":[],"class_list":{"0":"post-854161","1":"product","2":"type-product","3":"status-publish","4":"has-post-thumbnail","6":"product_cat-265-65-17","7":"product_cat-henkiloauto","8":"product_cat-kesa-henkiloauto","9":"product_cat-renkaat","11":"first","12":"instock","13":"sale","14":"taxable","15":"shipping-taxable","16":"purchasable","17":"product-type-simple"},"aioseo_notices":[],"_links":{"self":[{"href":"https:\/\/www.eurovanne.fi\/vanteet\/wp-json\/wp\/v2\/product\/854161","targetHints":{"allow":["GET"]}}],"collection":[{"href":"https:\/\/www.eurovanne.fi\/vanteet\/wp-json\/wp\/v2\/product"}],"about":[{"href":"https:\/\/www.eurovanne.fi\/vanteet\/wp-json\/wp\/v2\/types\/product"}],"replies":[{"embeddable":true,"href":"https:\/\/www.eurovanne.fi\/vanteet\/wp-json\/wp\/v2\/comments?post=854161"}],"wp:featuredmedia":[{"embeddable":true,"href":"https:\/\/www.eurovanne.fi\/vanteet\/wp-json\/wp\/v2\/media\/378951"}],"wp:attachment":[{"href":"https:\/\/www.eurovanne.fi\/vanteet\/wp-json\/wp\/v2\/media?parent=854161"}],"wp:term":[{"taxonomy":"product_brand","embeddable":true,"href":"https:\/\/www.eurovanne.fi\/vanteet\/wp-json\/wp\/v2\/product_brand?post=854161"},{"taxonomy":"product_cat","embeddable":true,"href":"https:\/\/www.eurovanne.fi\/vanteet\/wp-json\/wp\/v2\/product_cat?post=854161"},{"taxonomy":"product_tag","embeddable":true,"href":"https:\/\/www.eurovanne.fi\/vanteet\/wp-json\/wp\/v2\/product_tag?post=854161"}],"curies":[{"name":"wp","href":"https:\/\/api.w.org\/{rel}","templated":true}]}}