{"id":854414,"date":"2026-05-01T04:07:41","date_gmt":"2026-05-01T01:07:41","guid":{"rendered":"https:\/\/www.eurovanne.fi\/vanteet\/verkkokauppa\/gt-radial-climateactive-245-40-19-y\/"},"modified":"2026-05-01T04:07:51","modified_gmt":"2026-05-01T01:07:51","slug":"gt-radial-climateactive-245-40-19-y","status":"publish","type":"product","link":"https:\/\/www.eurovanne.fi\/vanteet\/verkkokauppa\/gt-radial-climateactive-245-40-19-y\/","title":{"rendered":"GT Radial Climateactive 245\/40-19 Y"},"content":{"rendered":"<p>Merkki: GT Radial<br \/>\nMalli: Climateactive<br \/>\nKoko: 245\/40-19 = 245\/40R19<br \/>\nNopeusluokka: Y<br \/>\nLoad Index (LI): 98 XL<br \/>\nTyyppi: Henkil\u00f6auto<br \/>\nAastaringnerengas<br \/>\nNasta: Ei<\/p>\n<p>TOIMITUSAIKA: 5-7 P\u00c4IV\u00c4\u00c4<\/p>\n<div class=\"eurengas-container\"><\/div>\n","protected":false},"excerpt":{"rendered":"<p>Merkki: GT Radial Malli: Climateactive Koko: 245\/40-19 = 245\/40R19 Nopeusluokka: Y Load Index (LI): 98 XL Tyyppi: Henkil\u00f6auto Aastaringnerengas Nasta: Ei TOIMITUSAIKA: 5-7 P\u00c4IV\u00c4\u00c4<\/p>\n","protected":false},"featured_media":740595,"comment_status":"closed","ping_status":"closed","template":"","meta":[],"product_brand":[],"product_cat":[8705,5204,1051,1043],"product_tag":[],"class_list":{"0":"post-854414","1":"product","2":"type-product","3":"status-publish","4":"has-post-thumbnail","6":"product_cat-245-40-19","7":"product_cat-aastaringne","8":"product_cat-henkiloauto","9":"product_cat-renkaat","11":"first","12":"instock","13":"sale","14":"taxable","15":"shipping-taxable","16":"purchasable","17":"product-type-simple"},"aioseo_notices":[],"_links":{"self":[{"href":"https:\/\/www.eurovanne.fi\/vanteet\/wp-json\/wp\/v2\/product\/854414","targetHints":{"allow":["GET"]}}],"collection":[{"href":"https:\/\/www.eurovanne.fi\/vanteet\/wp-json\/wp\/v2\/product"}],"about":[{"href":"https:\/\/www.eurovanne.fi\/vanteet\/wp-json\/wp\/v2\/types\/product"}],"replies":[{"embeddable":true,"href":"https:\/\/www.eurovanne.fi\/vanteet\/wp-json\/wp\/v2\/comments?post=854414"}],"wp:featuredmedia":[{"embeddable":true,"href":"https:\/\/www.eurovanne.fi\/vanteet\/wp-json\/wp\/v2\/media\/740595"}],"wp:attachment":[{"href":"https:\/\/www.eurovanne.fi\/vanteet\/wp-json\/wp\/v2\/media?parent=854414"}],"wp:term":[{"taxonomy":"product_brand","embeddable":true,"href":"https:\/\/www.eurovanne.fi\/vanteet\/wp-json\/wp\/v2\/product_brand?post=854414"},{"taxonomy":"product_cat","embeddable":true,"href":"https:\/\/www.eurovanne.fi\/vanteet\/wp-json\/wp\/v2\/product_cat?post=854414"},{"taxonomy":"product_tag","embeddable":true,"href":"https:\/\/www.eurovanne.fi\/vanteet\/wp-json\/wp\/v2\/product_tag?post=854414"}],"curies":[{"name":"wp","href":"https:\/\/api.w.org\/{rel}","templated":true}]}}