{"id":855183,"date":"2026-05-07T04:06:42","date_gmt":"2026-05-07T01:06:42","guid":{"rendered":"https:\/\/www.eurovanne.fi\/vanteet\/verkkokauppa\/rotalla-setula-a-race-rf06-31-10-5-15-s\/"},"modified":"2026-05-07T04:06:46","modified_gmt":"2026-05-07T01:06:46","slug":"rotalla-setula-a-race-rf06-31-10-5-15-s","status":"publish","type":"product","link":"https:\/\/www.eurovanne.fi\/vanteet\/verkkokauppa\/rotalla-setula-a-race-rf06-31-10-5-15-s\/","title":{"rendered":"Rotalla SETULA A-RACE RF06 31\/10.5-15 S"},"content":{"rendered":"<p>Merkki: Rotalla<br \/>\nMalli: SETULA A-RACE RF06<br \/>\nKoko: 31\/10.5-15 = 31\/10.5R15<br \/>\nNopeusluokka: S<br \/>\nLoad Index (LI): 109<br \/>\nTyyppi: 4&#215;4<br \/>\nKes\u00e4rengas<br \/>\nNasta: Ei<\/p>\n<p>TOIMITUSAIKA: 5-7 P\u00c4IV\u00c4\u00c4<\/p>\n<div class=\"eurengas-container\"><\/div>\n","protected":false},"excerpt":{"rendered":"<p>Merkki: Rotalla Malli: SETULA A-RACE RF06 Koko: 31\/10.5-15 = 31\/10.5R15 Nopeusluokka: S Load Index (LI): 109 Tyyppi: 4&#215;4 Kes\u00e4rengas Nasta: Ei TOIMITUSAIKA: 5-7 P\u00c4IV\u00c4\u00c4<\/p>\n","protected":false},"featured_media":0,"comment_status":"closed","ping_status":"closed","template":"","meta":[],"product_brand":[],"product_cat":[7176,1071,1151,1043],"product_tag":[],"class_list":{"0":"post-855183","1":"product","2":"type-product","3":"status-publish","5":"product_cat-31-10-5-15","6":"product_cat-4x4","7":"product_cat-kesa-4x4","8":"product_cat-renkaat","10":"first","11":"instock","12":"sale","13":"taxable","14":"shipping-taxable","15":"purchasable","16":"product-type-simple"},"aioseo_notices":[],"_links":{"self":[{"href":"https:\/\/www.eurovanne.fi\/vanteet\/wp-json\/wp\/v2\/product\/855183","targetHints":{"allow":["GET"]}}],"collection":[{"href":"https:\/\/www.eurovanne.fi\/vanteet\/wp-json\/wp\/v2\/product"}],"about":[{"href":"https:\/\/www.eurovanne.fi\/vanteet\/wp-json\/wp\/v2\/types\/product"}],"replies":[{"embeddable":true,"href":"https:\/\/www.eurovanne.fi\/vanteet\/wp-json\/wp\/v2\/comments?post=855183"}],"wp:attachment":[{"href":"https:\/\/www.eurovanne.fi\/vanteet\/wp-json\/wp\/v2\/media?parent=855183"}],"wp:term":[{"taxonomy":"product_brand","embeddable":true,"href":"https:\/\/www.eurovanne.fi\/vanteet\/wp-json\/wp\/v2\/product_brand?post=855183"},{"taxonomy":"product_cat","embeddable":true,"href":"https:\/\/www.eurovanne.fi\/vanteet\/wp-json\/wp\/v2\/product_cat?post=855183"},{"taxonomy":"product_tag","embeddable":true,"href":"https:\/\/www.eurovanne.fi\/vanteet\/wp-json\/wp\/v2\/product_tag?post=855183"}],"curies":[{"name":"wp","href":"https:\/\/api.w.org\/{rel}","templated":true}]}}